{"id":30130,"date":"2021-01-06T10:51:44","date_gmt":"2021-01-06T09:51:44","guid":{"rendered":"https:\/\/sl-p.brentex.ch\/?page_id=30130"},"modified":"2023-03-24T09:11:05","modified_gmt":"2023-03-24T08:11:05","slug":"excel-integration","status":"publish","type":"page","link":"https:\/\/www.sl-p.ch\/en\/winrep\/excel-integration\/","title":{"rendered":"Excel Integration"},"content":{"rendered":"<div data-elementor-type=\"wp-page\" data-elementor-id=\"30130\" class=\"elementor elementor-30130\" data-elementor-post-type=\"page\">\n\t\t\t\t\t\t<section class=\"elementor-section elementor-top-section elementor-element elementor-element-efd97bd elementor-section-height-min-height elementor-hidden-phone elementor-section-items-stretch elementor-hidden-tablet elementor-section-boxed elementor-section-height-default\" data-id=\"efd97bd\" data-element_type=\"section\" data-settings=\"{&quot;background_background&quot;:&quot;classic&quot;,&quot;_ha_eqh_enable&quot;:false}\">\n\t\t\t\t\t\t\t<div class=\"elementor-background-overlay\"><\/div>\n\t\t\t\t\t\t\t<div class=\"elementor-container elementor-column-gap-default\">\n\t\t\t\t\t<div class=\"elementor-column elementor-col-33 elementor-top-column elementor-element elementor-element-9c8f880\" data-id=\"9c8f880\" data-element_type=\"column\">\n\t\t\t<div class=\"elementor-widget-wrap elementor-element-populated\">\n\t\t\t\t\t\t<div class=\"elementor-element elementor-element-97caf7c animated-slow elementor-invisible elementor-widget elementor-widget-heading\" data-id=\"97caf7c\" data-element_type=\"widget\" data-settings=\"{&quot;_animation&quot;:&quot;fadeInUp&quot;,&quot;_animation_delay&quot;:400}\" data-widget_type=\"heading.default\">\n\t\t\t\t<div class=\"elementor-widget-container\">\n\t\t\t<h1 class=\"elementor-heading-title elementor-size-default\">WINREP\u00ae<\/h1>\t\t<\/div>\n\t\t\t\t<\/div>\n\t\t\t\t<div class=\"elementor-element elementor-element-ff53f9e animated-slow elementor-invisible elementor-widget elementor-widget-text-editor\" data-id=\"ff53f9e\" data-element_type=\"widget\" data-settings=\"{&quot;_animation&quot;:&quot;fadeInUp&quot;,&quot;_animation_delay&quot;:600}\" data-widget_type=\"text-editor.default\">\n\t\t\t\t<div class=\"elementor-widget-container\">\n\t\t\t\t\t\t\tUnsere Software zur Steuerung und Konsolidierung. \t\t\t\t\t\t<\/div>\n\t\t\t\t<\/div>\n\t\t\t\t\t<\/div>\n\t\t<\/div>\n\t\t\t\t<div class=\"elementor-column elementor-col-33 elementor-top-column elementor-element elementor-element-8c296fc\" data-id=\"8c296fc\" data-element_type=\"column\">\n\t\t\t<div class=\"elementor-widget-wrap\">\n\t\t\t\t\t\t\t<\/div>\n\t\t<\/div>\n\t\t\t\t<div class=\"elementor-column elementor-col-33 elementor-top-column elementor-element elementor-element-aeadfbb\" data-id=\"aeadfbb\" data-element_type=\"column\">\n\t\t\t<div class=\"elementor-widget-wrap\">\n\t\t\t\t\t\t\t<\/div>\n\t\t<\/div>\n\t\t\t\t\t<\/div>\n\t\t<\/section>\n\t\t\t\t<section class=\"elementor-section elementor-top-section elementor-element elementor-element-f48831c elementor-section-height-min-height elementor-hidden-phone elementor-section-items-stretch elementor-hidden-desktop elementor-section-boxed elementor-section-height-default\" data-id=\"f48831c\" data-element_type=\"section\" data-settings=\"{&quot;background_background&quot;:&quot;classic&quot;,&quot;_ha_eqh_enable&quot;:false}\">\n\t\t\t\t\t\t\t<div class=\"elementor-background-overlay\"><\/div>\n\t\t\t\t\t\t\t<div class=\"elementor-container elementor-column-gap-default\">\n\t\t\t\t\t<div class=\"elementor-column elementor-col-33 elementor-top-column elementor-element elementor-element-386038e\" data-id=\"386038e\" data-element_type=\"column\">\n\t\t\t<div class=\"elementor-widget-wrap elementor-element-populated\">\n\t\t\t\t\t\t<div class=\"elementor-element elementor-element-316513f animated-slow elementor-invisible elementor-widget elementor-widget-heading\" data-id=\"316513f\" data-element_type=\"widget\" data-settings=\"{&quot;_animation&quot;:&quot;fadeInUp&quot;,&quot;_animation_delay&quot;:400}\" data-widget_type=\"heading.default\">\n\t\t\t\t<div class=\"elementor-widget-container\">\n\t\t\t<h1 class=\"elementor-heading-title elementor-size-default\">WINREP\u00ae<\/h1>\t\t<\/div>\n\t\t\t\t<\/div>\n\t\t\t\t<div class=\"elementor-element elementor-element-1eb9042 animated-slow elementor-invisible elementor-widget elementor-widget-text-editor\" data-id=\"1eb9042\" data-element_type=\"widget\" data-settings=\"{&quot;_animation&quot;:&quot;fadeInUp&quot;,&quot;_animation_delay&quot;:600}\" data-widget_type=\"text-editor.default\">\n\t\t\t\t<div class=\"elementor-widget-container\">\n\t\t\t\t\t\t\tUnsere Software zur Steuerung und Konsolidierung. \t\t\t\t\t\t<\/div>\n\t\t\t\t<\/div>\n\t\t\t\t\t<\/div>\n\t\t<\/div>\n\t\t\t\t<div class=\"elementor-column elementor-col-33 elementor-top-column elementor-element elementor-element-422878d\" data-id=\"422878d\" data-element_type=\"column\">\n\t\t\t<div class=\"elementor-widget-wrap\">\n\t\t\t\t\t\t\t<\/div>\n\t\t<\/div>\n\t\t\t\t<div class=\"elementor-column elementor-col-33 elementor-top-column elementor-element elementor-element-bc3525c\" data-id=\"bc3525c\" data-element_type=\"column\">\n\t\t\t<div class=\"elementor-widget-wrap\">\n\t\t\t\t\t\t\t<\/div>\n\t\t<\/div>\n\t\t\t\t\t<\/div>\n\t\t<\/section>\n\t\t\t\t<section class=\"elementor-section elementor-top-section elementor-element elementor-element-9a6c707 elementor-section-height-min-height elementor-section-items-stretch elementor-hidden-desktop elementor-hidden-tablet elementor-section-boxed elementor-section-height-default\" data-id=\"9a6c707\" data-element_type=\"section\" data-settings=\"{&quot;background_background&quot;:&quot;classic&quot;,&quot;_ha_eqh_enable&quot;:false}\">\n\t\t\t\t\t\t\t<div class=\"elementor-background-overlay\"><\/div>\n\t\t\t\t\t\t\t<div class=\"elementor-container elementor-column-gap-default\">\n\t\t\t\t\t<div class=\"elementor-column elementor-col-33 elementor-top-column elementor-element elementor-element-0db38b1\" data-id=\"0db38b1\" data-element_type=\"column\">\n\t\t\t<div class=\"elementor-widget-wrap elementor-element-populated\">\n\t\t\t\t\t\t<div class=\"elementor-element elementor-element-7a55dfd animated-slow elementor-invisible elementor-widget elementor-widget-heading\" data-id=\"7a55dfd\" data-element_type=\"widget\" data-settings=\"{&quot;_animation&quot;:&quot;fadeInUp&quot;,&quot;_animation_delay&quot;:400}\" data-widget_type=\"heading.default\">\n\t\t\t\t<div class=\"elementor-widget-container\">\n\t\t\t<h1 class=\"elementor-heading-title elementor-size-default\">WINREP\u00ae<\/h1>\t\t<\/div>\n\t\t\t\t<\/div>\n\t\t\t\t<div class=\"elementor-element elementor-element-4a76cc7 animated-slow elementor-invisible elementor-widget elementor-widget-text-editor\" data-id=\"4a76cc7\" data-element_type=\"widget\" data-settings=\"{&quot;_animation&quot;:&quot;fadeInUp&quot;,&quot;_animation_delay&quot;:600}\" data-widget_type=\"text-editor.default\">\n\t\t\t\t<div class=\"elementor-widget-container\">\n\t\t\t\t\t\t\tUnsere Software zur Steuerung und Konsolidierung. \t\t\t\t\t\t<\/div>\n\t\t\t\t<\/div>\n\t\t\t\t\t<\/div>\n\t\t<\/div>\n\t\t\t\t<div class=\"elementor-column elementor-col-33 elementor-top-column elementor-element elementor-element-450b76e\" data-id=\"450b76e\" data-element_type=\"column\">\n\t\t\t<div class=\"elementor-widget-wrap\">\n\t\t\t\t\t\t\t<\/div>\n\t\t<\/div>\n\t\t\t\t<div class=\"elementor-column elementor-col-33 elementor-top-column elementor-element elementor-element-2b4a424\" data-id=\"2b4a424\" data-element_type=\"column\">\n\t\t\t<div class=\"elementor-widget-wrap\">\n\t\t\t\t\t\t\t<\/div>\n\t\t<\/div>\n\t\t\t\t\t<\/div>\n\t\t<\/section>\n\t\t\t\t<section class=\"elementor-section elementor-top-section elementor-element elementor-element-201ef98 elementor-section-boxed elementor-section-height-default elementor-section-height-default\" data-id=\"201ef98\" data-element_type=\"section\" data-settings=\"{&quot;_ha_eqh_enable&quot;:false}\">\n\t\t\t\t\t\t<div class=\"elementor-container elementor-column-gap-default\">\n\t\t\t\t\t<div class=\"elementor-column elementor-col-20 elementor-top-column elementor-element elementor-element-7c5f56d\" data-id=\"7c5f56d\" data-element_type=\"column\">\n\t\t\t<div class=\"elementor-widget-wrap elementor-element-populated\">\n\t\t\t\t\t\t<div class=\"elementor-element elementor-element-023b14e elementor-align-justify elementor-widget elementor-widget-button\" data-id=\"023b14e\" data-element_type=\"widget\" data-widget_type=\"button.default\">\n\t\t\t\t<div class=\"elementor-widget-container\">\n\t\t\t\t\t<div class=\"elementor-button-wrapper\">\n\t\t\t<a class=\"elementor-button elementor-button-link elementor-size-sm elementor-animation-shrink\" href=\"https:\/\/www.sl-p.ch\/en\/winrep\/\">\n\t\t\t\t\t\t<span class=\"elementor-button-content-wrapper\">\n\t\t\t\t\t\t\t\t\t<span class=\"elementor-button-text\">WINREP\u00ae<\/span>\n\t\t\t\t\t<\/span>\n\t\t\t\t\t<\/a>\n\t\t<\/div>\n\t\t\t\t<\/div>\n\t\t\t\t<\/div>\n\t\t\t\t\t<\/div>\n\t\t<\/div>\n\t\t\t\t<div class=\"elementor-column elementor-col-20 elementor-top-column elementor-element elementor-element-b29ad39\" data-id=\"b29ad39\" data-element_type=\"column\">\n\t\t\t<div class=\"elementor-widget-wrap elementor-element-populated\">\n\t\t\t\t\t\t<div class=\"elementor-element elementor-element-1cf2b20 elementor-align-justify elementor-widget elementor-widget-button\" data-id=\"1cf2b20\" data-element_type=\"widget\" data-widget_type=\"button.default\">\n\t\t\t\t<div class=\"elementor-widget-container\">\n\t\t\t\t\t<div class=\"elementor-button-wrapper\">\n\t\t\t<a class=\"elementor-button elementor-button-link elementor-size-sm elementor-animation-shrink\" href=\"https:\/\/www.sl-p.ch\/en\/features\/\">\n\t\t\t\t\t\t<span class=\"elementor-button-content-wrapper\">\n\t\t\t\t\t\t\t\t\t<span class=\"elementor-button-text\">Features<\/span>\n\t\t\t\t\t<\/span>\n\t\t\t\t\t<\/a>\n\t\t<\/div>\n\t\t\t\t<\/div>\n\t\t\t\t<\/div>\n\t\t\t\t\t<\/div>\n\t\t<\/div>\n\t\t\t\t<div class=\"elementor-column elementor-col-20 elementor-top-column elementor-element elementor-element-b5af9d3\" data-id=\"b5af9d3\" data-element_type=\"column\">\n\t\t\t<div class=\"elementor-widget-wrap elementor-element-populated\">\n\t\t\t\t\t\t<div class=\"elementor-element elementor-element-2674959 elementor-align-justify elementor-widget elementor-widget-button\" data-id=\"2674959\" data-element_type=\"widget\" data-widget_type=\"button.default\">\n\t\t\t\t<div class=\"elementor-widget-container\">\n\t\t\t\t\t<div class=\"elementor-button-wrapper\">\n\t\t\t<a class=\"elementor-button elementor-button-link elementor-size-sm elementor-animation-shrink\" href=\"https:\/\/www.sl-p.ch\/en\/excel-integration\/\">\n\t\t\t\t\t\t<span class=\"elementor-button-content-wrapper\">\n\t\t\t\t\t\t\t\t\t<span class=\"elementor-button-text\">Excel Integration<\/span>\n\t\t\t\t\t<\/span>\n\t\t\t\t\t<\/a>\n\t\t<\/div>\n\t\t\t\t<\/div>\n\t\t\t\t<\/div>\n\t\t\t\t\t<\/div>\n\t\t<\/div>\n\t\t\t\t<div class=\"elementor-column elementor-col-20 elementor-top-column elementor-element elementor-element-8d08ae1\" data-id=\"8d08ae1\" data-element_type=\"column\">\n\t\t\t<div class=\"elementor-widget-wrap elementor-element-populated\">\n\t\t\t\t\t\t<div class=\"elementor-element elementor-element-345d608 elementor-align-justify elementor-widget elementor-widget-button\" data-id=\"345d608\" data-element_type=\"widget\" data-widget_type=\"button.default\">\n\t\t\t\t<div class=\"elementor-widget-container\">\n\t\t\t\t\t<div class=\"elementor-button-wrapper\">\n\t\t\t<a class=\"elementor-button elementor-button-link elementor-size-sm elementor-animation-shrink\" href=\"https:\/\/www.sl-p.ch\/en\/kunden\/\">\n\t\t\t\t\t\t<span class=\"elementor-button-content-wrapper\">\n\t\t\t\t\t\t\t\t\t<span class=\"elementor-button-text\">Kunden<\/span>\n\t\t\t\t\t<\/span>\n\t\t\t\t\t<\/a>\n\t\t<\/div>\n\t\t\t\t<\/div>\n\t\t\t\t<\/div>\n\t\t\t\t\t<\/div>\n\t\t<\/div>\n\t\t\t\t<div class=\"elementor-column elementor-col-20 elementor-top-column elementor-element elementor-element-af49ad1\" data-id=\"af49ad1\" data-element_type=\"column\">\n\t\t\t<div class=\"elementor-widget-wrap elementor-element-populated\">\n\t\t\t\t\t\t<div class=\"elementor-element elementor-element-b841006 elementor-align-justify elementor-widget elementor-widget-button\" data-id=\"b841006\" data-element_type=\"widget\" data-widget_type=\"button.default\">\n\t\t\t\t<div class=\"elementor-widget-container\">\n\t\t\t\t\t<div class=\"elementor-button-wrapper\">\n\t\t\t<a class=\"elementor-button elementor-button-link elementor-size-sm elementor-animation-shrink\" href=\"https:\/\/www.sl-p.ch\/en\/technische-daten\/\">\n\t\t\t\t\t\t<span class=\"elementor-button-content-wrapper\">\n\t\t\t\t\t\t\t\t\t<span class=\"elementor-button-text\">Technische Daten<\/span>\n\t\t\t\t\t<\/span>\n\t\t\t\t\t<\/a>\n\t\t<\/div>\n\t\t\t\t<\/div>\n\t\t\t\t<\/div>\n\t\t\t\t\t<\/div>\n\t\t<\/div>\n\t\t\t\t\t<\/div>\n\t\t<\/section>\n\t\t\t\t<section class=\"elementor-section elementor-top-section elementor-element elementor-element-294c0a2 elementor-section-boxed elementor-section-height-default elementor-section-height-default\" data-id=\"294c0a2\" data-element_type=\"section\" data-settings=\"{&quot;_ha_eqh_enable&quot;:false}\">\n\t\t\t\t\t\t<div class=\"elementor-container elementor-column-gap-default\">\n\t\t\t\t\t<div class=\"elementor-column elementor-col-50 elementor-top-column elementor-element elementor-element-4698b91\" data-id=\"4698b91\" data-element_type=\"column\">\n\t\t\t<div class=\"elementor-widget-wrap elementor-element-populated\">\n\t\t\t\t\t\t<div class=\"elementor-element elementor-element-1136053 elementor-widget elementor-widget-heading\" data-id=\"1136053\" data-element_type=\"widget\" data-widget_type=\"heading.default\">\n\t\t\t\t<div class=\"elementor-widget-container\">\n\t\t\t<h2 class=\"elementor-heading-title elementor-size-default\">Excel Integration<\/h2>\t\t<\/div>\n\t\t\t\t<\/div>\n\t\t\t\t<div class=\"elementor-element elementor-element-82058dd elementor-widget elementor-widget-text-editor\" data-id=\"82058dd\" data-element_type=\"widget\" data-widget_type=\"text-editor.default\">\n\t\t\t\t<div class=\"elementor-widget-container\">\n\t\t\t\t\t\t\t<p>Die WINREP\u00ae-Software verf\u00fcgt \u00fcber eine dynamische Excel-Schnittstelle (Add-in).<\/p><p>Sie ist so konzipiert, dass Daten vom Excel in die Datenbank eingelesen werden k\u00f6nnen (z. B. Daten des monatlichen Reportings, die Jahresabschlussdaten etc.), womit die manuelle Dateneingabe beinahe \u00fcberfl\u00fcssig wird. Der gew\u00fcnschte Datenbereich wird mit der Maus markiert. Auf &#171;Knopfdruck&#187; werden die Daten dann in die WINREP\u00ae-Datenbank auf die gew\u00fcnschte Firma eingelesen.<\/p><p>Andererseits dient die Schnittstelle der individuellen Output-Erstellung (mit Ausnahme der Standardprotokollierungen). \u00dcber die dynamische Schnittstelle werden die Daten ins Excel gelesen, wo sie in ihrer Darstellung beliebig weiter verarbeitet werden k\u00f6nnen (MIS, Abweichungsanalysen, Grafiken etc.). Wenn Sie Excel kennen, ist die Erstellung von individuellen Outputs f\u00fcr Sie eine einfache Sache.<\/p><p>Die dynamische Schnittstelle erm\u00f6glicht es, einmal erstellte Output-files f\u00fcr jede Firma, jede Periode und jede W\u00e4hrung auf &#171;Knopfdruck&#187; zu aktualisieren.<\/p>\t\t\t\t\t\t<\/div>\n\t\t\t\t<\/div>\n\t\t\t\t\t<\/div>\n\t\t<\/div>\n\t\t\t\t<div class=\"elementor-column elementor-col-50 elementor-top-column elementor-element elementor-element-7c18ce4\" data-id=\"7c18ce4\" data-element_type=\"column\">\n\t\t\t<div class=\"elementor-widget-wrap elementor-element-populated\">\n\t\t\t\t\t\t<div class=\"elementor-element elementor-element-192635fe elementor-widget elementor-widget-image\" data-id=\"192635fe\" data-element_type=\"widget\" data-widget_type=\"image.default\">\n\t\t\t\t<div class=\"elementor-widget-container\">\n\t\t\t\t\t\t\t\t\t\t\t\t\t<img fetchpriority=\"high\" decoding=\"async\" width=\"800\" height=\"608\" src=\"https:\/\/www.sl-p.ch\/wp-content\/uploads\/2021\/01\/excelinput.png\" class=\"attachment-large size-large wp-image-30492\" alt=\"\" srcset=\"https:\/\/www.sl-p.ch\/wp-content\/uploads\/2021\/01\/excelinput.png 900w, https:\/\/www.sl-p.ch\/wp-content\/uploads\/2021\/01\/excelinput-300x228.png 300w, https:\/\/www.sl-p.ch\/wp-content\/uploads\/2021\/01\/excelinput-768x584.png 768w\" sizes=\"(max-width: 800px) 100vw, 800px\" \/>\t\t\t\t\t\t\t\t\t\t\t\t\t<\/div>\n\t\t\t\t<\/div>\n\t\t\t\t\t<\/div>\n\t\t<\/div>\n\t\t\t\t\t<\/div>\n\t\t<\/section>\n\t\t\t\t<\/div>","protected":false},"excerpt":{"rendered":"<p>WINREP\u00ae Unsere Software zur Steuerung und Konsolidierung. WINREP\u00ae Unsere Software zur Steuerung und Konsolidierung. WINREP\u00ae Unsere Software zur Steuerung und Konsolidierung. WINREP\u00ae Features Excel Integration Kunden Technische Daten Excel Integration Die WINREP\u00ae-Software verf\u00fcgt \u00fcber eine dynamische Excel-Schnittstelle (Add-in). Sie ist so konzipiert, dass Daten vom Excel in die Datenbank eingelesen werden k\u00f6nnen (z. B. Daten [&hellip;]<\/p>","protected":false},"author":4,"featured_media":34230,"parent":28920,"menu_order":2,"comment_status":"closed","ping_status":"closed","template":"elementor_header_footer","meta":{"footnotes":""},"class_list":["post-30130","page","type-page","status-publish","has-post-thumbnail","hentry"],"yoast_head":"<!-- This site is optimized with the Yoast SEO plugin v23.2 - https:\/\/yoast.com\/wordpress\/plugins\/seo\/ -->\n<title>Excel Integration - Lorenz + Partner AG<\/title>\n<meta name=\"description\" content=\"Unsere Software zur Steuerung und Konsolidierung. Die WINREP\u00ae-Software verf\u00fcgt \u00fcber eine dynamische Excel-Schnittstelle (Add-in). Sie ist...\" \/>\n<meta name=\"robots\" content=\"index, follow, max-snippet:-1, max-image-preview:large, max-video-preview:-1\" \/>\n<link rel=\"canonical\" href=\"https:\/\/www.sl-p.ch\/en\/winrep\/excel-integration\/\" \/>\n<meta property=\"og:locale\" content=\"en_US\" \/>\n<meta property=\"og:type\" content=\"article\" \/>\n<meta property=\"og:title\" content=\"Excel Integration - Lorenz + Partner AG\" \/>\n<meta property=\"og:description\" content=\"Unsere Software zur Steuerung und Konsolidierung. Die WINREP\u00ae-Software verf\u00fcgt \u00fcber eine dynamische Excel-Schnittstelle (Add-in). Sie ist...\" \/>\n<meta property=\"og:url\" content=\"https:\/\/www.sl-p.ch\/en\/winrep\/excel-integration\/\" \/>\n<meta property=\"og:site_name\" content=\"Lorenz + Partner AG\" \/>\n<meta property=\"article:modified_time\" content=\"2023-03-24T08:11:05+00:00\" \/>\n<meta property=\"og:image\" content=\"https:\/\/www.sl-p.ch\/wp-content\/uploads\/2021\/12\/lorenz.jpg\" \/>\n\t<meta property=\"og:image:width\" content=\"1024\" \/>\n\t<meta property=\"og:image:height\" content=\"1024\" \/>\n\t<meta property=\"og:image:type\" content=\"image\/jpeg\" \/>\n<meta name=\"twitter:card\" content=\"summary_large_image\" \/>\n<meta name=\"twitter:label1\" content=\"Est. reading time\" \/>\n\t<meta name=\"twitter:data1\" content=\"1 minute\" \/>\n<script type=\"application\/ld+json\" class=\"yoast-schema-graph\">{\"@context\":\"https:\/\/schema.org\",\"@graph\":[{\"@type\":\"WebPage\",\"@id\":\"https:\/\/www.sl-p.ch\/winrep\/excel-integration\/\",\"url\":\"https:\/\/www.sl-p.ch\/winrep\/excel-integration\/\",\"name\":\"Excel Integration - Lorenz + Partner AG\",\"isPartOf\":{\"@id\":\"https:\/\/www.sl-p.ch\/#website\"},\"primaryImageOfPage\":{\"@id\":\"https:\/\/www.sl-p.ch\/winrep\/excel-integration\/#primaryimage\"},\"image\":{\"@id\":\"https:\/\/www.sl-p.ch\/winrep\/excel-integration\/#primaryimage\"},\"thumbnailUrl\":\"https:\/\/www.sl-p.ch\/wp-content\/uploads\/2021\/12\/lorenz.jpg\",\"datePublished\":\"2021-01-06T09:51:44+00:00\",\"dateModified\":\"2023-03-24T08:11:05+00:00\",\"description\":\"Unsere Software zur Steuerung und Konsolidierung. Die WINREP\u00ae-Software verf\u00fcgt \u00fcber eine dynamische Excel-Schnittstelle (Add-in). Sie ist...\",\"breadcrumb\":{\"@id\":\"https:\/\/www.sl-p.ch\/winrep\/excel-integration\/#breadcrumb\"},\"inLanguage\":\"en-US\",\"potentialAction\":[{\"@type\":\"ReadAction\",\"target\":[\"https:\/\/www.sl-p.ch\/winrep\/excel-integration\/\"]}]},{\"@type\":\"ImageObject\",\"inLanguage\":\"en-US\",\"@id\":\"https:\/\/www.sl-p.ch\/winrep\/excel-integration\/#primaryimage\",\"url\":\"https:\/\/www.sl-p.ch\/wp-content\/uploads\/2021\/12\/lorenz.jpg\",\"contentUrl\":\"https:\/\/www.sl-p.ch\/wp-content\/uploads\/2021\/12\/lorenz.jpg\",\"width\":1024,\"height\":1024},{\"@type\":\"BreadcrumbList\",\"@id\":\"https:\/\/www.sl-p.ch\/winrep\/excel-integration\/#breadcrumb\",\"itemListElement\":[{\"@type\":\"ListItem\",\"position\":1,\"name\":\"Home\",\"item\":\"https:\/\/www.sl-p.ch\/\"},{\"@type\":\"ListItem\",\"position\":2,\"name\":\"Winrep\",\"item\":\"https:\/\/www.sl-p.ch\/winrep\/\"},{\"@type\":\"ListItem\",\"position\":3,\"name\":\"Excel Integration\"}]},{\"@type\":\"WebSite\",\"@id\":\"https:\/\/www.sl-p.ch\/#website\",\"url\":\"https:\/\/www.sl-p.ch\/\",\"name\":\"Lorenz + Partner AG\",\"description\":\"Home\",\"publisher\":{\"@id\":\"https:\/\/www.sl-p.ch\/#organization\"},\"inLanguage\":\"en-US\"},{\"@type\":\"Organization\",\"@id\":\"https:\/\/www.sl-p.ch\/#organization\",\"name\":\"Lorenz + Partner AG\",\"url\":\"https:\/\/www.sl-p.ch\/\",\"logo\":{\"@type\":\"ImageObject\",\"inLanguage\":\"en-US\",\"@id\":\"https:\/\/www.sl-p.ch\/#\/schema\/logo\/image\/\",\"url\":\"https:\/\/www.sl-p.ch\/wp-content\/uploads\/2020\/10\/Zeichenflaeche-1Lorenz-Partner-AG.png\",\"contentUrl\":\"https:\/\/www.sl-p.ch\/wp-content\/uploads\/2020\/10\/Zeichenflaeche-1Lorenz-Partner-AG.png\",\"width\":7037,\"height\":1584,\"caption\":\"Lorenz + Partner AG\"},\"image\":{\"@id\":\"https:\/\/www.sl-p.ch\/#\/schema\/logo\/image\/\"}}]}<\/script>\n<!-- \/ Yoast SEO plugin. -->","yoast_head_json":{"title":"Excel Integration - Lorenz + Partner AG","description":"Unsere Software zur Steuerung und Konsolidierung. Die WINREP\u00ae-Software verf\u00fcgt \u00fcber eine dynamische Excel-Schnittstelle (Add-in). Sie ist...","robots":{"index":"index","follow":"follow","max-snippet":"max-snippet:-1","max-image-preview":"max-image-preview:large","max-video-preview":"max-video-preview:-1"},"canonical":"https:\/\/www.sl-p.ch\/en\/winrep\/excel-integration\/","og_locale":"en_US","og_type":"article","og_title":"Excel Integration - Lorenz + Partner AG","og_description":"Unsere Software zur Steuerung und Konsolidierung. Die WINREP\u00ae-Software verf\u00fcgt \u00fcber eine dynamische Excel-Schnittstelle (Add-in). Sie ist...","og_url":"https:\/\/www.sl-p.ch\/en\/winrep\/excel-integration\/","og_site_name":"Lorenz + Partner AG","article_modified_time":"2023-03-24T08:11:05+00:00","og_image":[{"width":1024,"height":1024,"url":"https:\/\/www.sl-p.ch\/wp-content\/uploads\/2021\/12\/lorenz.jpg","type":"image\/jpeg"}],"twitter_card":"summary_large_image","twitter_misc":{"Est. reading time":"1 minute"},"schema":{"@context":"https:\/\/schema.org","@graph":[{"@type":"WebPage","@id":"https:\/\/www.sl-p.ch\/winrep\/excel-integration\/","url":"https:\/\/www.sl-p.ch\/winrep\/excel-integration\/","name":"Excel Integration - Lorenz + Partner AG","isPartOf":{"@id":"https:\/\/www.sl-p.ch\/#website"},"primaryImageOfPage":{"@id":"https:\/\/www.sl-p.ch\/winrep\/excel-integration\/#primaryimage"},"image":{"@id":"https:\/\/www.sl-p.ch\/winrep\/excel-integration\/#primaryimage"},"thumbnailUrl":"https:\/\/www.sl-p.ch\/wp-content\/uploads\/2021\/12\/lorenz.jpg","datePublished":"2021-01-06T09:51:44+00:00","dateModified":"2023-03-24T08:11:05+00:00","description":"Unsere Software zur Steuerung und Konsolidierung. Die WINREP\u00ae-Software verf\u00fcgt \u00fcber eine dynamische Excel-Schnittstelle (Add-in). Sie ist...","breadcrumb":{"@id":"https:\/\/www.sl-p.ch\/winrep\/excel-integration\/#breadcrumb"},"inLanguage":"en-US","potentialAction":[{"@type":"ReadAction","target":["https:\/\/www.sl-p.ch\/winrep\/excel-integration\/"]}]},{"@type":"ImageObject","inLanguage":"en-US","@id":"https:\/\/www.sl-p.ch\/winrep\/excel-integration\/#primaryimage","url":"https:\/\/www.sl-p.ch\/wp-content\/uploads\/2021\/12\/lorenz.jpg","contentUrl":"https:\/\/www.sl-p.ch\/wp-content\/uploads\/2021\/12\/lorenz.jpg","width":1024,"height":1024},{"@type":"BreadcrumbList","@id":"https:\/\/www.sl-p.ch\/winrep\/excel-integration\/#breadcrumb","itemListElement":[{"@type":"ListItem","position":1,"name":"Home","item":"https:\/\/www.sl-p.ch\/"},{"@type":"ListItem","position":2,"name":"Winrep","item":"https:\/\/www.sl-p.ch\/winrep\/"},{"@type":"ListItem","position":3,"name":"Excel Integration"}]},{"@type":"WebSite","@id":"https:\/\/www.sl-p.ch\/#website","url":"https:\/\/www.sl-p.ch\/","name":"Lorenz + Partner AG","description":"Home","publisher":{"@id":"https:\/\/www.sl-p.ch\/#organization"},"inLanguage":"en-US"},{"@type":"Organization","@id":"https:\/\/www.sl-p.ch\/#organization","name":"Lorenz + Partner AG","url":"https:\/\/www.sl-p.ch\/","logo":{"@type":"ImageObject","inLanguage":"en-US","@id":"https:\/\/www.sl-p.ch\/#\/schema\/logo\/image\/","url":"https:\/\/www.sl-p.ch\/wp-content\/uploads\/2020\/10\/Zeichenflaeche-1Lorenz-Partner-AG.png","contentUrl":"https:\/\/www.sl-p.ch\/wp-content\/uploads\/2020\/10\/Zeichenflaeche-1Lorenz-Partner-AG.png","width":7037,"height":1584,"caption":"Lorenz + Partner AG"},"image":{"@id":"https:\/\/www.sl-p.ch\/#\/schema\/logo\/image\/"}}]}},"_links":{"self":[{"href":"https:\/\/www.sl-p.ch\/en\/wp-json\/wp\/v2\/pages\/30130"}],"collection":[{"href":"https:\/\/www.sl-p.ch\/en\/wp-json\/wp\/v2\/pages"}],"about":[{"href":"https:\/\/www.sl-p.ch\/en\/wp-json\/wp\/v2\/types\/page"}],"author":[{"embeddable":true,"href":"https:\/\/www.sl-p.ch\/en\/wp-json\/wp\/v2\/users\/4"}],"replies":[{"embeddable":true,"href":"https:\/\/www.sl-p.ch\/en\/wp-json\/wp\/v2\/comments?post=30130"}],"version-history":[{"count":116,"href":"https:\/\/www.sl-p.ch\/en\/wp-json\/wp\/v2\/pages\/30130\/revisions"}],"predecessor-version":[{"id":34226,"href":"https:\/\/www.sl-p.ch\/en\/wp-json\/wp\/v2\/pages\/30130\/revisions\/34226"}],"up":[{"embeddable":true,"href":"https:\/\/www.sl-p.ch\/en\/wp-json\/wp\/v2\/pages\/28920"}],"wp:featuredmedia":[{"embeddable":true,"href":"https:\/\/www.sl-p.ch\/en\/wp-json\/wp\/v2\/media\/34230"}],"wp:attachment":[{"href":"https:\/\/www.sl-p.ch\/en\/wp-json\/wp\/v2\/media?parent=30130"}],"curies":[{"name":"wp","href":"https:\/\/api.w.org\/{rel}","templated":true}]}}