{"id":30122,"date":"2021-01-06T10:39:40","date_gmt":"2021-01-06T09:39:40","guid":{"rendered":"https:\/\/sl-p.brentex.ch\/?page_id=30122"},"modified":"2023-03-24T09:10:30","modified_gmt":"2023-03-24T08:10:30","slug":"features","status":"publish","type":"page","link":"https:\/\/www.sl-p.ch\/en\/winrep\/features\/","title":{"rendered":"Features"},"content":{"rendered":"<div data-elementor-type=\"wp-page\" data-elementor-id=\"30122\" class=\"elementor elementor-30122\" data-elementor-post-type=\"page\">\n\t\t\t\t\t\t<section class=\"elementor-section elementor-top-section elementor-element elementor-element-2834a79 elementor-section-height-min-height elementor-hidden-phone elementor-section-items-stretch elementor-hidden-tablet elementor-section-boxed elementor-section-height-default\" data-id=\"2834a79\" data-element_type=\"section\" data-settings=\"{&quot;background_background&quot;:&quot;classic&quot;,&quot;_ha_eqh_enable&quot;:false}\">\n\t\t\t\t\t\t\t<div class=\"elementor-background-overlay\"><\/div>\n\t\t\t\t\t\t\t<div class=\"elementor-container elementor-column-gap-default\">\n\t\t\t\t\t<div class=\"elementor-column elementor-col-33 elementor-top-column elementor-element elementor-element-2f1062e\" data-id=\"2f1062e\" data-element_type=\"column\">\n\t\t\t<div class=\"elementor-widget-wrap elementor-element-populated\">\n\t\t\t\t\t\t<div class=\"elementor-element elementor-element-e80a67d animated-slow elementor-invisible elementor-widget elementor-widget-heading\" data-id=\"e80a67d\" data-element_type=\"widget\" data-settings=\"{&quot;_animation&quot;:&quot;fadeInUp&quot;,&quot;_animation_delay&quot;:400}\" data-widget_type=\"heading.default\">\n\t\t\t\t<div class=\"elementor-widget-container\">\n\t\t\t<h1 class=\"elementor-heading-title elementor-size-default\">WINREP\u00ae<\/h1>\t\t<\/div>\n\t\t\t\t<\/div>\n\t\t\t\t<div class=\"elementor-element elementor-element-c00ce60 animated-slow elementor-invisible elementor-widget elementor-widget-text-editor\" data-id=\"c00ce60\" data-element_type=\"widget\" data-settings=\"{&quot;_animation&quot;:&quot;fadeInUp&quot;,&quot;_animation_delay&quot;:600}\" data-widget_type=\"text-editor.default\">\n\t\t\t\t<div class=\"elementor-widget-container\">\n\t\t\t\t\t\t\tUnsere Software zur Steuerung und Konsolidierung. \t\t\t\t\t\t<\/div>\n\t\t\t\t<\/div>\n\t\t\t\t\t<\/div>\n\t\t<\/div>\n\t\t\t\t<div class=\"elementor-column elementor-col-33 elementor-top-column elementor-element elementor-element-04fe105\" data-id=\"04fe105\" data-element_type=\"column\">\n\t\t\t<div class=\"elementor-widget-wrap\">\n\t\t\t\t\t\t\t<\/div>\n\t\t<\/div>\n\t\t\t\t<div class=\"elementor-column elementor-col-33 elementor-top-column elementor-element elementor-element-b9c198f\" data-id=\"b9c198f\" data-element_type=\"column\">\n\t\t\t<div class=\"elementor-widget-wrap\">\n\t\t\t\t\t\t\t<\/div>\n\t\t<\/div>\n\t\t\t\t\t<\/div>\n\t\t<\/section>\n\t\t\t\t<section class=\"elementor-section elementor-top-section elementor-element elementor-element-c2444d6 elementor-section-height-min-height elementor-hidden-phone elementor-section-items-stretch elementor-hidden-desktop elementor-section-boxed elementor-section-height-default\" data-id=\"c2444d6\" data-element_type=\"section\" data-settings=\"{&quot;background_background&quot;:&quot;classic&quot;,&quot;_ha_eqh_enable&quot;:false}\">\n\t\t\t\t\t\t\t<div class=\"elementor-background-overlay\"><\/div>\n\t\t\t\t\t\t\t<div class=\"elementor-container elementor-column-gap-default\">\n\t\t\t\t\t<div class=\"elementor-column elementor-col-33 elementor-top-column elementor-element elementor-element-ff85c7e\" data-id=\"ff85c7e\" data-element_type=\"column\">\n\t\t\t<div class=\"elementor-widget-wrap elementor-element-populated\">\n\t\t\t\t\t\t<div class=\"elementor-element elementor-element-73885a9 animated-slow elementor-invisible elementor-widget elementor-widget-heading\" data-id=\"73885a9\" data-element_type=\"widget\" data-settings=\"{&quot;_animation&quot;:&quot;fadeInUp&quot;,&quot;_animation_delay&quot;:400}\" data-widget_type=\"heading.default\">\n\t\t\t\t<div class=\"elementor-widget-container\">\n\t\t\t<h1 class=\"elementor-heading-title elementor-size-default\">WINREP\u00ae<\/h1>\t\t<\/div>\n\t\t\t\t<\/div>\n\t\t\t\t<div class=\"elementor-element elementor-element-ed16a2c animated-slow elementor-invisible elementor-widget elementor-widget-text-editor\" data-id=\"ed16a2c\" data-element_type=\"widget\" data-settings=\"{&quot;_animation&quot;:&quot;fadeInUp&quot;,&quot;_animation_delay&quot;:600}\" data-widget_type=\"text-editor.default\">\n\t\t\t\t<div class=\"elementor-widget-container\">\n\t\t\t\t\t\t\tUnsere Software zur Steuerung und Konsolidierung. \t\t\t\t\t\t<\/div>\n\t\t\t\t<\/div>\n\t\t\t\t\t<\/div>\n\t\t<\/div>\n\t\t\t\t<div class=\"elementor-column elementor-col-33 elementor-top-column elementor-element elementor-element-c5155eb\" data-id=\"c5155eb\" data-element_type=\"column\">\n\t\t\t<div class=\"elementor-widget-wrap\">\n\t\t\t\t\t\t\t<\/div>\n\t\t<\/div>\n\t\t\t\t<div class=\"elementor-column elementor-col-33 elementor-top-column elementor-element elementor-element-4f6102c\" data-id=\"4f6102c\" data-element_type=\"column\">\n\t\t\t<div class=\"elementor-widget-wrap\">\n\t\t\t\t\t\t\t<\/div>\n\t\t<\/div>\n\t\t\t\t\t<\/div>\n\t\t<\/section>\n\t\t\t\t<section class=\"elementor-section elementor-top-section elementor-element elementor-element-b5756ef elementor-section-height-min-height elementor-section-items-stretch elementor-hidden-desktop elementor-hidden-tablet elementor-section-boxed elementor-section-height-default\" data-id=\"b5756ef\" data-element_type=\"section\" data-settings=\"{&quot;background_background&quot;:&quot;classic&quot;,&quot;_ha_eqh_enable&quot;:false}\">\n\t\t\t\t\t\t\t<div class=\"elementor-background-overlay\"><\/div>\n\t\t\t\t\t\t\t<div class=\"elementor-container elementor-column-gap-default\">\n\t\t\t\t\t<div class=\"elementor-column elementor-col-33 elementor-top-column elementor-element elementor-element-dea95fd\" data-id=\"dea95fd\" data-element_type=\"column\">\n\t\t\t<div class=\"elementor-widget-wrap elementor-element-populated\">\n\t\t\t\t\t\t<div class=\"elementor-element elementor-element-a698b19 animated-slow elementor-invisible elementor-widget elementor-widget-heading\" data-id=\"a698b19\" data-element_type=\"widget\" data-settings=\"{&quot;_animation&quot;:&quot;fadeInUp&quot;,&quot;_animation_delay&quot;:400}\" data-widget_type=\"heading.default\">\n\t\t\t\t<div class=\"elementor-widget-container\">\n\t\t\t<h1 class=\"elementor-heading-title elementor-size-default\">WINREP\u00ae<\/h1>\t\t<\/div>\n\t\t\t\t<\/div>\n\t\t\t\t<div class=\"elementor-element elementor-element-b0742b9 animated-slow elementor-invisible elementor-widget elementor-widget-text-editor\" data-id=\"b0742b9\" data-element_type=\"widget\" data-settings=\"{&quot;_animation&quot;:&quot;fadeInUp&quot;,&quot;_animation_delay&quot;:600}\" data-widget_type=\"text-editor.default\">\n\t\t\t\t<div class=\"elementor-widget-container\">\n\t\t\t\t\t\t\tUnsere Software zur Steuerung und Konsolidierung. \t\t\t\t\t\t<\/div>\n\t\t\t\t<\/div>\n\t\t\t\t\t<\/div>\n\t\t<\/div>\n\t\t\t\t<div class=\"elementor-column elementor-col-33 elementor-top-column elementor-element elementor-element-4e30ccb\" data-id=\"4e30ccb\" data-element_type=\"column\">\n\t\t\t<div class=\"elementor-widget-wrap\">\n\t\t\t\t\t\t\t<\/div>\n\t\t<\/div>\n\t\t\t\t<div class=\"elementor-column elementor-col-33 elementor-top-column elementor-element elementor-element-20ffa1b\" data-id=\"20ffa1b\" data-element_type=\"column\">\n\t\t\t<div class=\"elementor-widget-wrap\">\n\t\t\t\t\t\t\t<\/div>\n\t\t<\/div>\n\t\t\t\t\t<\/div>\n\t\t<\/section>\n\t\t\t\t<section class=\"elementor-section elementor-top-section elementor-element elementor-element-b9775f2 elementor-section-boxed elementor-section-height-default elementor-section-height-default\" data-id=\"b9775f2\" data-element_type=\"section\" data-settings=\"{&quot;_ha_eqh_enable&quot;:false}\">\n\t\t\t\t\t\t<div class=\"elementor-container elementor-column-gap-default\">\n\t\t\t\t\t<div class=\"elementor-column elementor-col-20 elementor-top-column elementor-element elementor-element-c19770e\" data-id=\"c19770e\" data-element_type=\"column\">\n\t\t\t<div class=\"elementor-widget-wrap elementor-element-populated\">\n\t\t\t\t\t\t<div class=\"elementor-element elementor-element-3b5e008 elementor-align-justify elementor-widget elementor-widget-button\" data-id=\"3b5e008\" data-element_type=\"widget\" data-widget_type=\"button.default\">\n\t\t\t\t<div class=\"elementor-widget-container\">\n\t\t\t\t\t<div class=\"elementor-button-wrapper\">\n\t\t\t<a class=\"elementor-button elementor-button-link elementor-size-sm elementor-animation-shrink\" href=\"https:\/\/www.sl-p.ch\/en\/winrep\/\">\n\t\t\t\t\t\t<span class=\"elementor-button-content-wrapper\">\n\t\t\t\t\t\t\t\t\t<span class=\"elementor-button-text\">WINREP\u00ae<\/span>\n\t\t\t\t\t<\/span>\n\t\t\t\t\t<\/a>\n\t\t<\/div>\n\t\t\t\t<\/div>\n\t\t\t\t<\/div>\n\t\t\t\t\t<\/div>\n\t\t<\/div>\n\t\t\t\t<div class=\"elementor-column elementor-col-20 elementor-top-column elementor-element elementor-element-41df87d\" data-id=\"41df87d\" data-element_type=\"column\">\n\t\t\t<div class=\"elementor-widget-wrap elementor-element-populated\">\n\t\t\t\t\t\t<div class=\"elementor-element elementor-element-3e604a7 elementor-align-justify elementor-widget elementor-widget-button\" data-id=\"3e604a7\" data-element_type=\"widget\" data-widget_type=\"button.default\">\n\t\t\t\t<div class=\"elementor-widget-container\">\n\t\t\t\t\t<div class=\"elementor-button-wrapper\">\n\t\t\t<a class=\"elementor-button elementor-button-link elementor-size-sm elementor-animation-shrink\" href=\"https:\/\/www.sl-p.ch\/en\/features\/\">\n\t\t\t\t\t\t<span class=\"elementor-button-content-wrapper\">\n\t\t\t\t\t\t\t\t\t<span class=\"elementor-button-text\">Features<\/span>\n\t\t\t\t\t<\/span>\n\t\t\t\t\t<\/a>\n\t\t<\/div>\n\t\t\t\t<\/div>\n\t\t\t\t<\/div>\n\t\t\t\t\t<\/div>\n\t\t<\/div>\n\t\t\t\t<div class=\"elementor-column elementor-col-20 elementor-top-column elementor-element elementor-element-a6d9b8b\" data-id=\"a6d9b8b\" data-element_type=\"column\">\n\t\t\t<div class=\"elementor-widget-wrap elementor-element-populated\">\n\t\t\t\t\t\t<div class=\"elementor-element elementor-element-8703523 elementor-align-justify elementor-widget elementor-widget-button\" data-id=\"8703523\" data-element_type=\"widget\" data-widget_type=\"button.default\">\n\t\t\t\t<div class=\"elementor-widget-container\">\n\t\t\t\t\t<div class=\"elementor-button-wrapper\">\n\t\t\t<a class=\"elementor-button elementor-button-link elementor-size-sm elementor-animation-shrink\" href=\"https:\/\/www.sl-p.ch\/en\/excel-integration\/\">\n\t\t\t\t\t\t<span class=\"elementor-button-content-wrapper\">\n\t\t\t\t\t\t\t\t\t<span class=\"elementor-button-text\">Excel Integration<\/span>\n\t\t\t\t\t<\/span>\n\t\t\t\t\t<\/a>\n\t\t<\/div>\n\t\t\t\t<\/div>\n\t\t\t\t<\/div>\n\t\t\t\t\t<\/div>\n\t\t<\/div>\n\t\t\t\t<div class=\"elementor-column elementor-col-20 elementor-top-column elementor-element elementor-element-bb91d13\" data-id=\"bb91d13\" data-element_type=\"column\">\n\t\t\t<div class=\"elementor-widget-wrap elementor-element-populated\">\n\t\t\t\t\t\t<div class=\"elementor-element elementor-element-90f7715 elementor-align-justify elementor-widget elementor-widget-button\" data-id=\"90f7715\" data-element_type=\"widget\" data-widget_type=\"button.default\">\n\t\t\t\t<div class=\"elementor-widget-container\">\n\t\t\t\t\t<div class=\"elementor-button-wrapper\">\n\t\t\t<a class=\"elementor-button elementor-button-link elementor-size-sm elementor-animation-shrink\" href=\"https:\/\/www.sl-p.ch\/en\/kunden\/\">\n\t\t\t\t\t\t<span class=\"elementor-button-content-wrapper\">\n\t\t\t\t\t\t\t\t\t<span class=\"elementor-button-text\">Kunden<\/span>\n\t\t\t\t\t<\/span>\n\t\t\t\t\t<\/a>\n\t\t<\/div>\n\t\t\t\t<\/div>\n\t\t\t\t<\/div>\n\t\t\t\t\t<\/div>\n\t\t<\/div>\n\t\t\t\t<div class=\"elementor-column elementor-col-20 elementor-top-column elementor-element elementor-element-01dc625\" data-id=\"01dc625\" data-element_type=\"column\">\n\t\t\t<div class=\"elementor-widget-wrap elementor-element-populated\">\n\t\t\t\t\t\t<div class=\"elementor-element elementor-element-bc828a5 elementor-align-justify elementor-widget elementor-widget-button\" data-id=\"bc828a5\" data-element_type=\"widget\" data-widget_type=\"button.default\">\n\t\t\t\t<div class=\"elementor-widget-container\">\n\t\t\t\t\t<div class=\"elementor-button-wrapper\">\n\t\t\t<a class=\"elementor-button elementor-button-link elementor-size-sm elementor-animation-shrink\" href=\"https:\/\/www.sl-p.ch\/en\/technische-daten\/\">\n\t\t\t\t\t\t<span class=\"elementor-button-content-wrapper\">\n\t\t\t\t\t\t\t\t\t<span class=\"elementor-button-text\">Technische Daten<\/span>\n\t\t\t\t\t<\/span>\n\t\t\t\t\t<\/a>\n\t\t<\/div>\n\t\t\t\t<\/div>\n\t\t\t\t<\/div>\n\t\t\t\t\t<\/div>\n\t\t<\/div>\n\t\t\t\t\t<\/div>\n\t\t<\/section>\n\t\t\t\t<section class=\"elementor-section elementor-top-section elementor-element elementor-element-e4d9b10 elementor-section-boxed elementor-section-height-default elementor-section-height-default\" data-id=\"e4d9b10\" data-element_type=\"section\" data-settings=\"{&quot;_ha_eqh_enable&quot;:false}\">\n\t\t\t\t\t\t<div class=\"elementor-container elementor-column-gap-default\">\n\t\t\t\t\t<div class=\"elementor-column elementor-col-50 elementor-top-column elementor-element elementor-element-e2fd4f5\" data-id=\"e2fd4f5\" data-element_type=\"column\">\n\t\t\t<div class=\"elementor-widget-wrap elementor-element-populated\">\n\t\t\t\t\t\t<div class=\"elementor-element elementor-element-86e050a elementor-widget elementor-widget-heading\" data-id=\"86e050a\" data-element_type=\"widget\" data-widget_type=\"heading.default\">\n\t\t\t\t<div class=\"elementor-widget-container\">\n\t\t\t<h2 class=\"elementor-heading-title elementor-size-default\">Features<\/h2>\t\t<\/div>\n\t\t\t\t<\/div>\n\t\t\t\t<div class=\"elementor-element elementor-element-4cb9dc5 elementor-widget elementor-widget-text-editor\" data-id=\"4cb9dc5\" data-element_type=\"widget\" data-widget_type=\"text-editor.default\">\n\t\t\t\t<div class=\"elementor-widget-container\">\n\t\t\t\t\t\t\t<p>Die Datenbank der WINREP\u00ae-Software l\u00e4sst sich in Stammdaten (Firmenstamm, Kontenstamm etc.) und Bewegungsdaten (Daten der einzelnen Gesellschaften in der jeweiligen Landesw\u00e4hrung) unterteilen.<\/p><p>F\u00fcr die Stammdatenerfassung steht ein Wizard zur Verf\u00fcgung, welcher durch die n\u00f6tigen Schritte f\u00fchrt.<\/p><p>Die W\u00e4hrungsumrechnung in jede beliebige W\u00e4hrung sowie automatisierte Eliminations- und Konsolidierungsroutinen \u00fcbernimmt die Software. Mit einfach zu definierenden Parametern pr\u00fcft die WINREP\u00ae-Software, ob die auf der Datenbank enthaltenen Daten fehlerfrei und vollst\u00e4ndig sind.<\/p><p>F\u00fcr die Konsolidierung stehen diverse automatische Routinen zur Verf\u00fcgung. Zudem k\u00f6nnen innerhalb einer Gruppe Sparten- oder Teilkonzerne konsolidiert werden.<\/p><p>Die Software verf\u00fcgt \u00fcber eine umfassende Protokollierung aller Eingaben und Ver\u00e4nderungen. Jede Mutation von Stamm- und Bewegungsdaten wird protokolliert und ist jederzeit via eine Protokoll- Funktion abrufbar. Bei jedem automatischen Eliminationslauf wird ein entsprechendes Eliminations-Journal generiert. Ebenso erstellt die Software bei jedem Konsolidierungslauf ein Konsolidierungs-Journal, welches die Pr\u00fcfspur sichergestellt.<\/p>\t\t\t\t\t\t<\/div>\n\t\t\t\t<\/div>\n\t\t\t\t\t<\/div>\n\t\t<\/div>\n\t\t\t\t<div class=\"elementor-column elementor-col-50 elementor-top-column elementor-element elementor-element-29e326c\" data-id=\"29e326c\" data-element_type=\"column\" data-settings=\"{&quot;background_background&quot;:&quot;classic&quot;}\">\n\t\t\t<div class=\"elementor-widget-wrap elementor-element-populated\">\n\t\t\t\t\t\t<div class=\"elementor-element elementor-element-003a943 elementor-widget elementor-widget-heading\" data-id=\"003a943\" data-element_type=\"widget\" data-widget_type=\"heading.default\">\n\t\t\t\t<div class=\"elementor-widget-container\">\n\t\t\t<h2 class=\"elementor-heading-title elementor-size-default\"> <\/h2>\t\t<\/div>\n\t\t\t\t<\/div>\n\t\t\t\t\t<\/div>\n\t\t<\/div>\n\t\t\t\t\t<\/div>\n\t\t<\/section>\n\t\t\t\t<\/div>","protected":false},"excerpt":{"rendered":"<p>WINREP\u00ae Unsere Software zur Steuerung und Konsolidierung. WINREP\u00ae Unsere Software zur Steuerung und Konsolidierung. WINREP\u00ae Unsere Software zur Steuerung und Konsolidierung. WINREP\u00ae Features Excel Integration Kunden Technische Daten Features Die Datenbank der WINREP\u00ae-Software l\u00e4sst sich in Stammdaten (Firmenstamm, Kontenstamm etc.) und Bewegungsdaten (Daten der einzelnen Gesellschaften in der jeweiligen Landesw\u00e4hrung) unterteilen. F\u00fcr die Stammdatenerfassung steht [&hellip;]<\/p>","protected":false},"author":4,"featured_media":34230,"parent":28920,"menu_order":1,"comment_status":"closed","ping_status":"closed","template":"elementor_header_footer","meta":{"footnotes":""},"class_list":["post-30122","page","type-page","status-publish","has-post-thumbnail","hentry"],"yoast_head":"<!-- This site is optimized with the Yoast SEO plugin v23.2 - https:\/\/yoast.com\/wordpress\/plugins\/seo\/ -->\n<title>Features - Lorenz + Partner AG<\/title>\n<meta name=\"description\" content=\"Unsere Software zur Steuerung und Konsolidierung. Die Datenbank der WINREP\u00ae-Software l\u00e4sst sich in Stammdaten (Firmenstamm, Kontenstamm...\" \/>\n<meta name=\"robots\" content=\"index, follow, max-snippet:-1, max-image-preview:large, max-video-preview:-1\" \/>\n<link rel=\"canonical\" href=\"https:\/\/www.sl-p.ch\/en\/winrep\/features\/\" \/>\n<meta property=\"og:locale\" content=\"en_US\" \/>\n<meta property=\"og:type\" content=\"article\" \/>\n<meta property=\"og:title\" content=\"Features - Lorenz + Partner AG\" \/>\n<meta property=\"og:description\" content=\"Unsere Software zur Steuerung und Konsolidierung. Die Datenbank der WINREP\u00ae-Software l\u00e4sst sich in Stammdaten (Firmenstamm, Kontenstamm...\" \/>\n<meta property=\"og:url\" content=\"https:\/\/www.sl-p.ch\/en\/winrep\/features\/\" \/>\n<meta property=\"og:site_name\" content=\"Lorenz + Partner AG\" \/>\n<meta property=\"article:modified_time\" content=\"2023-03-24T08:10:30+00:00\" \/>\n<meta property=\"og:image\" content=\"https:\/\/www.sl-p.ch\/wp-content\/uploads\/2021\/12\/lorenz.jpg\" \/>\n\t<meta property=\"og:image:width\" content=\"1024\" \/>\n\t<meta property=\"og:image:height\" content=\"1024\" \/>\n\t<meta property=\"og:image:type\" content=\"image\/jpeg\" \/>\n<meta name=\"twitter:card\" content=\"summary_large_image\" \/>\n<meta name=\"twitter:label1\" content=\"Est. reading time\" \/>\n\t<meta name=\"twitter:data1\" content=\"1 minute\" \/>\n<script type=\"application\/ld+json\" class=\"yoast-schema-graph\">{\"@context\":\"https:\/\/schema.org\",\"@graph\":[{\"@type\":\"WebPage\",\"@id\":\"https:\/\/www.sl-p.ch\/winrep\/features\/\",\"url\":\"https:\/\/www.sl-p.ch\/winrep\/features\/\",\"name\":\"Features - Lorenz + Partner AG\",\"isPartOf\":{\"@id\":\"https:\/\/www.sl-p.ch\/#website\"},\"primaryImageOfPage\":{\"@id\":\"https:\/\/www.sl-p.ch\/winrep\/features\/#primaryimage\"},\"image\":{\"@id\":\"https:\/\/www.sl-p.ch\/winrep\/features\/#primaryimage\"},\"thumbnailUrl\":\"https:\/\/www.sl-p.ch\/wp-content\/uploads\/2021\/12\/lorenz.jpg\",\"datePublished\":\"2021-01-06T09:39:40+00:00\",\"dateModified\":\"2023-03-24T08:10:30+00:00\",\"description\":\"Unsere Software zur Steuerung und Konsolidierung. Die Datenbank der WINREP\u00ae-Software l\u00e4sst sich in Stammdaten (Firmenstamm, Kontenstamm...\",\"breadcrumb\":{\"@id\":\"https:\/\/www.sl-p.ch\/winrep\/features\/#breadcrumb\"},\"inLanguage\":\"en-US\",\"potentialAction\":[{\"@type\":\"ReadAction\",\"target\":[\"https:\/\/www.sl-p.ch\/winrep\/features\/\"]}]},{\"@type\":\"ImageObject\",\"inLanguage\":\"en-US\",\"@id\":\"https:\/\/www.sl-p.ch\/winrep\/features\/#primaryimage\",\"url\":\"https:\/\/www.sl-p.ch\/wp-content\/uploads\/2021\/12\/lorenz.jpg\",\"contentUrl\":\"https:\/\/www.sl-p.ch\/wp-content\/uploads\/2021\/12\/lorenz.jpg\",\"width\":1024,\"height\":1024},{\"@type\":\"BreadcrumbList\",\"@id\":\"https:\/\/www.sl-p.ch\/winrep\/features\/#breadcrumb\",\"itemListElement\":[{\"@type\":\"ListItem\",\"position\":1,\"name\":\"Home\",\"item\":\"https:\/\/www.sl-p.ch\/\"},{\"@type\":\"ListItem\",\"position\":2,\"name\":\"Winrep\",\"item\":\"https:\/\/www.sl-p.ch\/winrep\/\"},{\"@type\":\"ListItem\",\"position\":3,\"name\":\"Features\"}]},{\"@type\":\"WebSite\",\"@id\":\"https:\/\/www.sl-p.ch\/#website\",\"url\":\"https:\/\/www.sl-p.ch\/\",\"name\":\"Lorenz + Partner AG\",\"description\":\"Home\",\"publisher\":{\"@id\":\"https:\/\/www.sl-p.ch\/#organization\"},\"inLanguage\":\"en-US\"},{\"@type\":\"Organization\",\"@id\":\"https:\/\/www.sl-p.ch\/#organization\",\"name\":\"Lorenz + Partner AG\",\"url\":\"https:\/\/www.sl-p.ch\/\",\"logo\":{\"@type\":\"ImageObject\",\"inLanguage\":\"en-US\",\"@id\":\"https:\/\/www.sl-p.ch\/#\/schema\/logo\/image\/\",\"url\":\"https:\/\/www.sl-p.ch\/wp-content\/uploads\/2020\/10\/Zeichenflaeche-1Lorenz-Partner-AG.png\",\"contentUrl\":\"https:\/\/www.sl-p.ch\/wp-content\/uploads\/2020\/10\/Zeichenflaeche-1Lorenz-Partner-AG.png\",\"width\":7037,\"height\":1584,\"caption\":\"Lorenz + Partner AG\"},\"image\":{\"@id\":\"https:\/\/www.sl-p.ch\/#\/schema\/logo\/image\/\"}}]}<\/script>\n<!-- \/ Yoast SEO plugin. -->","yoast_head_json":{"title":"Features - Lorenz + Partner AG","description":"Unsere Software zur Steuerung und Konsolidierung. Die Datenbank der WINREP\u00ae-Software l\u00e4sst sich in Stammdaten (Firmenstamm, Kontenstamm...","robots":{"index":"index","follow":"follow","max-snippet":"max-snippet:-1","max-image-preview":"max-image-preview:large","max-video-preview":"max-video-preview:-1"},"canonical":"https:\/\/www.sl-p.ch\/en\/winrep\/features\/","og_locale":"en_US","og_type":"article","og_title":"Features - Lorenz + Partner AG","og_description":"Unsere Software zur Steuerung und Konsolidierung. Die Datenbank der WINREP\u00ae-Software l\u00e4sst sich in Stammdaten (Firmenstamm, Kontenstamm...","og_url":"https:\/\/www.sl-p.ch\/en\/winrep\/features\/","og_site_name":"Lorenz + Partner AG","article_modified_time":"2023-03-24T08:10:30+00:00","og_image":[{"width":1024,"height":1024,"url":"https:\/\/www.sl-p.ch\/wp-content\/uploads\/2021\/12\/lorenz.jpg","type":"image\/jpeg"}],"twitter_card":"summary_large_image","twitter_misc":{"Est. reading time":"1 minute"},"schema":{"@context":"https:\/\/schema.org","@graph":[{"@type":"WebPage","@id":"https:\/\/www.sl-p.ch\/winrep\/features\/","url":"https:\/\/www.sl-p.ch\/winrep\/features\/","name":"Features - Lorenz + Partner AG","isPartOf":{"@id":"https:\/\/www.sl-p.ch\/#website"},"primaryImageOfPage":{"@id":"https:\/\/www.sl-p.ch\/winrep\/features\/#primaryimage"},"image":{"@id":"https:\/\/www.sl-p.ch\/winrep\/features\/#primaryimage"},"thumbnailUrl":"https:\/\/www.sl-p.ch\/wp-content\/uploads\/2021\/12\/lorenz.jpg","datePublished":"2021-01-06T09:39:40+00:00","dateModified":"2023-03-24T08:10:30+00:00","description":"Unsere Software zur Steuerung und Konsolidierung. Die Datenbank der WINREP\u00ae-Software l\u00e4sst sich in Stammdaten (Firmenstamm, Kontenstamm...","breadcrumb":{"@id":"https:\/\/www.sl-p.ch\/winrep\/features\/#breadcrumb"},"inLanguage":"en-US","potentialAction":[{"@type":"ReadAction","target":["https:\/\/www.sl-p.ch\/winrep\/features\/"]}]},{"@type":"ImageObject","inLanguage":"en-US","@id":"https:\/\/www.sl-p.ch\/winrep\/features\/#primaryimage","url":"https:\/\/www.sl-p.ch\/wp-content\/uploads\/2021\/12\/lorenz.jpg","contentUrl":"https:\/\/www.sl-p.ch\/wp-content\/uploads\/2021\/12\/lorenz.jpg","width":1024,"height":1024},{"@type":"BreadcrumbList","@id":"https:\/\/www.sl-p.ch\/winrep\/features\/#breadcrumb","itemListElement":[{"@type":"ListItem","position":1,"name":"Home","item":"https:\/\/www.sl-p.ch\/"},{"@type":"ListItem","position":2,"name":"Winrep","item":"https:\/\/www.sl-p.ch\/winrep\/"},{"@type":"ListItem","position":3,"name":"Features"}]},{"@type":"WebSite","@id":"https:\/\/www.sl-p.ch\/#website","url":"https:\/\/www.sl-p.ch\/","name":"Lorenz + Partner AG","description":"Home","publisher":{"@id":"https:\/\/www.sl-p.ch\/#organization"},"inLanguage":"en-US"},{"@type":"Organization","@id":"https:\/\/www.sl-p.ch\/#organization","name":"Lorenz + Partner AG","url":"https:\/\/www.sl-p.ch\/","logo":{"@type":"ImageObject","inLanguage":"en-US","@id":"https:\/\/www.sl-p.ch\/#\/schema\/logo\/image\/","url":"https:\/\/www.sl-p.ch\/wp-content\/uploads\/2020\/10\/Zeichenflaeche-1Lorenz-Partner-AG.png","contentUrl":"https:\/\/www.sl-p.ch\/wp-content\/uploads\/2020\/10\/Zeichenflaeche-1Lorenz-Partner-AG.png","width":7037,"height":1584,"caption":"Lorenz + Partner AG"},"image":{"@id":"https:\/\/www.sl-p.ch\/#\/schema\/logo\/image\/"}}]}},"_links":{"self":[{"href":"https:\/\/www.sl-p.ch\/en\/wp-json\/wp\/v2\/pages\/30122"}],"collection":[{"href":"https:\/\/www.sl-p.ch\/en\/wp-json\/wp\/v2\/pages"}],"about":[{"href":"https:\/\/www.sl-p.ch\/en\/wp-json\/wp\/v2\/types\/page"}],"author":[{"embeddable":true,"href":"https:\/\/www.sl-p.ch\/en\/wp-json\/wp\/v2\/users\/4"}],"replies":[{"embeddable":true,"href":"https:\/\/www.sl-p.ch\/en\/wp-json\/wp\/v2\/comments?post=30122"}],"version-history":[{"count":152,"href":"https:\/\/www.sl-p.ch\/en\/wp-json\/wp\/v2\/pages\/30122\/revisions"}],"predecessor-version":[{"id":34225,"href":"https:\/\/www.sl-p.ch\/en\/wp-json\/wp\/v2\/pages\/30122\/revisions\/34225"}],"up":[{"embeddable":true,"href":"https:\/\/www.sl-p.ch\/en\/wp-json\/wp\/v2\/pages\/28920"}],"wp:featuredmedia":[{"embeddable":true,"href":"https:\/\/www.sl-p.ch\/en\/wp-json\/wp\/v2\/media\/34230"}],"wp:attachment":[{"href":"https:\/\/www.sl-p.ch\/en\/wp-json\/wp\/v2\/media?parent=30122"}],"curies":[{"name":"wp","href":"https:\/\/api.w.org\/{rel}","templated":true}]}}