{"id":28918,"date":"2020-12-22T16:36:22","date_gmt":"2020-12-22T15:36:22","guid":{"rendered":"https:\/\/sl-p.brentex.ch\/?page_id=28918"},"modified":"2023-03-24T09:09:51","modified_gmt":"2023-03-24T08:09:51","slug":"beratung","status":"publish","type":"page","link":"https:\/\/www.sl-p.ch\/en\/beratung\/","title":{"rendered":"Consulting"},"content":{"rendered":"<div data-elementor-type=\"wp-page\" data-elementor-id=\"28918\" class=\"elementor elementor-28918\" data-elementor-post-type=\"page\">\n\t\t\t\t\t\t<section class=\"elementor-section elementor-top-section elementor-element elementor-element-1c6c2501 elementor-section-height-min-height elementor-hidden-phone elementor-hidden-tablet elementor-section-boxed elementor-section-height-default elementor-section-items-middle\" data-id=\"1c6c2501\" data-element_type=\"section\" data-settings=\"{&quot;background_background&quot;:&quot;classic&quot;,&quot;_ha_eqh_enable&quot;:false}\">\n\t\t\t\t\t\t\t<div class=\"elementor-background-overlay\"><\/div>\n\t\t\t\t\t\t\t<div class=\"elementor-container elementor-column-gap-default\">\n\t\t\t\t\t<div class=\"elementor-column elementor-col-33 elementor-top-column elementor-element elementor-element-11edbc1d\" data-id=\"11edbc1d\" data-element_type=\"column\">\n\t\t\t<div class=\"elementor-widget-wrap elementor-element-populated\">\n\t\t\t\t\t\t<div class=\"elementor-element elementor-element-6631cfa5 animated-slow elementor-invisible elementor-widget elementor-widget-heading\" data-id=\"6631cfa5\" data-element_type=\"widget\" data-settings=\"{&quot;_animation&quot;:&quot;fadeInUp&quot;,&quot;_animation_delay&quot;:400}\" data-widget_type=\"heading.default\">\n\t\t\t\t<div class=\"elementor-widget-container\">\n\t\t\t<h1 class=\"elementor-heading-title elementor-size-default\">Consulting<\/h1>\t\t<\/div>\n\t\t\t\t<\/div>\n\t\t\t\t<div class=\"elementor-element elementor-element-4e5f2f39 animated-slow elementor-invisible elementor-widget elementor-widget-text-editor\" data-id=\"4e5f2f39\" data-element_type=\"widget\" data-settings=\"{&quot;_animation&quot;:&quot;fadeInUp&quot;,&quot;_animation_delay&quot;:600}\" data-widget_type=\"text-editor.default\">\n\t\t\t\t<div class=\"elementor-widget-container\">\n\t\t\t\t\t\t\tWe analyse details and prepare summarised reports. \t\t\t\t\t\t<\/div>\n\t\t\t\t<\/div>\n\t\t\t\t\t<\/div>\n\t\t<\/div>\n\t\t\t\t<div class=\"elementor-column elementor-col-33 elementor-top-column elementor-element elementor-element-1ede239b\" data-id=\"1ede239b\" data-element_type=\"column\">\n\t\t\t<div class=\"elementor-widget-wrap\">\n\t\t\t\t\t\t\t<\/div>\n\t\t<\/div>\n\t\t\t\t<div class=\"elementor-column elementor-col-33 elementor-top-column elementor-element elementor-element-1bb8bb2b\" data-id=\"1bb8bb2b\" data-element_type=\"column\">\n\t\t\t<div class=\"elementor-widget-wrap\">\n\t\t\t\t\t\t\t<\/div>\n\t\t<\/div>\n\t\t\t\t\t<\/div>\n\t\t<\/section>\n\t\t\t\t<section class=\"elementor-section elementor-top-section elementor-element elementor-element-a64bf2a elementor-section-height-min-height elementor-hidden-phone elementor-hidden-desktop elementor-section-boxed elementor-section-height-default elementor-section-items-middle\" data-id=\"a64bf2a\" data-element_type=\"section\" data-settings=\"{&quot;background_background&quot;:&quot;classic&quot;,&quot;_ha_eqh_enable&quot;:false}\">\n\t\t\t\t\t\t\t<div class=\"elementor-background-overlay\"><\/div>\n\t\t\t\t\t\t\t<div class=\"elementor-container elementor-column-gap-default\">\n\t\t\t\t\t<div class=\"elementor-column elementor-col-33 elementor-top-column elementor-element elementor-element-3df61aa\" data-id=\"3df61aa\" data-element_type=\"column\">\n\t\t\t<div class=\"elementor-widget-wrap elementor-element-populated\">\n\t\t\t\t\t\t<div class=\"elementor-element elementor-element-f1936ed animated-slow elementor-invisible elementor-widget elementor-widget-heading\" data-id=\"f1936ed\" data-element_type=\"widget\" data-settings=\"{&quot;_animation&quot;:&quot;fadeInUp&quot;,&quot;_animation_delay&quot;:400}\" data-widget_type=\"heading.default\">\n\t\t\t\t<div class=\"elementor-widget-container\">\n\t\t\t<h1 class=\"elementor-heading-title elementor-size-default\">Consulting<\/h1>\t\t<\/div>\n\t\t\t\t<\/div>\n\t\t\t\t<div class=\"elementor-element elementor-element-10e8b3b animated-slow elementor-invisible elementor-widget elementor-widget-text-editor\" data-id=\"10e8b3b\" data-element_type=\"widget\" data-settings=\"{&quot;_animation&quot;:&quot;fadeInUp&quot;,&quot;_animation_delay&quot;:600}\" data-widget_type=\"text-editor.default\">\n\t\t\t\t<div class=\"elementor-widget-container\">\n\t\t\t\t\t\t\tWe analyse details and prepare summarised reports. \t\t\t\t\t\t<\/div>\n\t\t\t\t<\/div>\n\t\t\t\t\t<\/div>\n\t\t<\/div>\n\t\t\t\t<div class=\"elementor-column elementor-col-33 elementor-top-column elementor-element elementor-element-c224244\" data-id=\"c224244\" data-element_type=\"column\">\n\t\t\t<div class=\"elementor-widget-wrap\">\n\t\t\t\t\t\t\t<\/div>\n\t\t<\/div>\n\t\t\t\t<div class=\"elementor-column elementor-col-33 elementor-top-column elementor-element elementor-element-c550782\" data-id=\"c550782\" data-element_type=\"column\">\n\t\t\t<div class=\"elementor-widget-wrap\">\n\t\t\t\t\t\t\t<\/div>\n\t\t<\/div>\n\t\t\t\t\t<\/div>\n\t\t<\/section>\n\t\t\t\t<section class=\"elementor-section elementor-top-section elementor-element elementor-element-1b96ee1 elementor-section-height-min-height elementor-hidden-desktop elementor-hidden-tablet elementor-section-boxed elementor-section-height-default elementor-section-items-middle\" data-id=\"1b96ee1\" data-element_type=\"section\" data-settings=\"{&quot;background_background&quot;:&quot;classic&quot;,&quot;_ha_eqh_enable&quot;:false}\">\n\t\t\t\t\t\t\t<div class=\"elementor-background-overlay\"><\/div>\n\t\t\t\t\t\t\t<div class=\"elementor-container elementor-column-gap-default\">\n\t\t\t\t\t<div class=\"elementor-column elementor-col-33 elementor-top-column elementor-element elementor-element-a49786c\" data-id=\"a49786c\" data-element_type=\"column\">\n\t\t\t<div class=\"elementor-widget-wrap elementor-element-populated\">\n\t\t\t\t\t\t<div class=\"elementor-element elementor-element-497f23e animated-slow elementor-invisible elementor-widget elementor-widget-heading\" data-id=\"497f23e\" data-element_type=\"widget\" data-settings=\"{&quot;_animation&quot;:&quot;fadeInUp&quot;,&quot;_animation_delay&quot;:400}\" data-widget_type=\"heading.default\">\n\t\t\t\t<div class=\"elementor-widget-container\">\n\t\t\t<h1 class=\"elementor-heading-title elementor-size-default\">Consulting<\/h1>\t\t<\/div>\n\t\t\t\t<\/div>\n\t\t\t\t<div class=\"elementor-element elementor-element-0dd0abc animated-slow elementor-invisible elementor-widget elementor-widget-text-editor\" data-id=\"0dd0abc\" data-element_type=\"widget\" data-settings=\"{&quot;_animation&quot;:&quot;fadeInUp&quot;,&quot;_animation_delay&quot;:600}\" data-widget_type=\"text-editor.default\">\n\t\t\t\t<div class=\"elementor-widget-container\">\n\t\t\t\t\t\t\tWe analyse details and prepare summarised reports. \t\t\t\t\t\t<\/div>\n\t\t\t\t<\/div>\n\t\t\t\t\t<\/div>\n\t\t<\/div>\n\t\t\t\t<div class=\"elementor-column elementor-col-33 elementor-top-column elementor-element elementor-element-8cc64d9\" data-id=\"8cc64d9\" data-element_type=\"column\">\n\t\t\t<div class=\"elementor-widget-wrap\">\n\t\t\t\t\t\t\t<\/div>\n\t\t<\/div>\n\t\t\t\t<div class=\"elementor-column elementor-col-33 elementor-top-column elementor-element elementor-element-c8230e9\" data-id=\"c8230e9\" data-element_type=\"column\">\n\t\t\t<div class=\"elementor-widget-wrap\">\n\t\t\t\t\t\t\t<\/div>\n\t\t<\/div>\n\t\t\t\t\t<\/div>\n\t\t<\/section>\n\t\t\t\t<section class=\"elementor-section elementor-top-section elementor-element elementor-element-0f0af09 elementor-section-boxed elementor-section-height-default elementor-section-height-default\" data-id=\"0f0af09\" data-element_type=\"section\" data-settings=\"{&quot;_ha_eqh_enable&quot;:false}\">\n\t\t\t\t\t\t<div class=\"elementor-container elementor-column-gap-default\">\n\t\t\t\t\t<div class=\"elementor-column elementor-col-50 elementor-top-column elementor-element elementor-element-391fa95\" data-id=\"391fa95\" data-element_type=\"column\">\n\t\t\t<div class=\"elementor-widget-wrap elementor-element-populated\">\n\t\t\t\t\t\t<div class=\"elementor-element elementor-element-9ebab20 elementor-widget elementor-widget-heading\" data-id=\"9ebab20\" data-element_type=\"widget\" data-widget_type=\"heading.default\">\n\t\t\t\t<div class=\"elementor-widget-container\">\n\t\t\t<h2 class=\"elementor-heading-title elementor-size-default\">Safe arrival<\/h2>\t\t<\/div>\n\t\t\t\t<\/div>\n\t\t\t\t<div class=\"elementor-element elementor-element-a84bab2 elementor-widget elementor-widget-text-editor\" data-id=\"a84bab2\" data-element_type=\"widget\" data-widget_type=\"text-editor.default\">\n\t\t\t\t<div class=\"elementor-widget-container\">\n\t\t\t\t\t\t\t<p>We analyse details and prepare summarised reports to give you accurate information for your decisions. Based on our broad experience we give you professional support in:<\/p><ul><li>Acquisition and sale of companies<\/li><li>Valuation reports on the financial situation of companies for future investors, banks and other interested parties<\/li><li>Financial due diligence<\/li><li>Business plans, bank negotiations<\/li><li>Reorganisations, incorporation of companies<\/li><li>Tax optimisation in cooperation with national and international tax experts<\/li><\/ul>\t\t\t\t\t\t<\/div>\n\t\t\t\t<\/div>\n\t\t\t\t\t<\/div>\n\t\t<\/div>\n\t\t\t\t<div class=\"elementor-column elementor-col-50 elementor-top-column elementor-element elementor-element-f2284dc\" data-id=\"f2284dc\" data-element_type=\"column\" data-settings=\"{&quot;background_background&quot;:&quot;classic&quot;}\">\n\t\t\t<div class=\"elementor-widget-wrap elementor-element-populated\">\n\t\t\t\t\t\t<div class=\"elementor-element elementor-element-a09feb6 elementor-widget elementor-widget-heading\" data-id=\"a09feb6\" data-element_type=\"widget\" data-widget_type=\"heading.default\">\n\t\t\t\t<div class=\"elementor-widget-container\">\n\t\t\t<h2 class=\"elementor-heading-title elementor-size-default\"> <\/h2>\t\t<\/div>\n\t\t\t\t<\/div>\n\t\t\t\t\t<\/div>\n\t\t<\/div>\n\t\t\t\t\t<\/div>\n\t\t<\/section>\n\t\t\t\t<section class=\"elementor-section elementor-top-section elementor-element elementor-element-9d2bc2a elementor-section-height-min-height elementor-section-items-stretch elementor-section-boxed elementor-section-height-default\" data-id=\"9d2bc2a\" data-element_type=\"section\" data-settings=\"{&quot;_ha_eqh_enable&quot;:false}\">\n\t\t\t\t\t\t<div class=\"elementor-container elementor-column-gap-default\">\n\t\t\t\t\t<div class=\"elementor-column elementor-col-50 elementor-top-column elementor-element elementor-element-bcf8dea\" data-id=\"bcf8dea\" data-element_type=\"column\" data-settings=\"{&quot;background_background&quot;:&quot;classic&quot;}\">\n\t\t\t<div class=\"elementor-widget-wrap elementor-element-populated\">\n\t\t\t\t\t\t<div class=\"elementor-element elementor-element-91eb989 animated-slow elementor-invisible elementor-widget elementor-widget-heading\" data-id=\"91eb989\" data-element_type=\"widget\" data-settings=\"{&quot;_animation&quot;:&quot;fadeInUp&quot;,&quot;_animation_delay&quot;:200}\" data-widget_type=\"heading.default\">\n\t\t\t\t<div class=\"elementor-widget-container\">\n\t\t\t<h5 class=\"elementor-heading-title elementor-size-default\"> <\/h5>\t\t<\/div>\n\t\t\t\t<\/div>\n\t\t\t\t\t<\/div>\n\t\t<\/div>\n\t\t\t\t<div class=\"elementor-column elementor-col-50 elementor-top-column elementor-element elementor-element-ed15988\" data-id=\"ed15988\" data-element_type=\"column\" data-settings=\"{&quot;background_background&quot;:&quot;classic&quot;}\">\n\t\t\t<div class=\"elementor-widget-wrap elementor-element-populated\">\n\t\t\t\t\t\t<div class=\"elementor-element elementor-element-5f9a8d5 animated-slow elementor-invisible elementor-widget elementor-widget-heading\" data-id=\"5f9a8d5\" data-element_type=\"widget\" data-settings=\"{&quot;_animation&quot;:&quot;fadeInUp&quot;,&quot;_animation_delay&quot;:200}\" data-widget_type=\"heading.default\">\n\t\t\t\t<div class=\"elementor-widget-container\">\n\t\t\t<h5 class=\"elementor-heading-title elementor-size-default\">Do you need any more information?<\/h5>\t\t<\/div>\n\t\t\t\t<\/div>\n\t\t\t\t<div class=\"elementor-element elementor-element-b8ee03d animated-slow elementor-invisible elementor-widget elementor-widget-text-editor\" data-id=\"b8ee03d\" data-element_type=\"widget\" data-settings=\"{&quot;_animation&quot;:&quot;fadeInUp&quot;,&quot;_animation_delay&quot;:400}\" data-widget_type=\"text-editor.default\">\n\t\t\t\t<div class=\"elementor-widget-container\">\n\t\t\t\t\t\t\tDo you have any questions? We are happy to assist you. You are welcome to contact us by phone or email.\t\t\t\t\t\t<\/div>\n\t\t\t\t<\/div>\n\t\t\t\t<div class=\"elementor-element elementor-element-038de45 elementor-align-left elementor-mobile-align-left animated-slow elementor-invisible elementor-widget elementor-widget-button\" data-id=\"038de45\" data-element_type=\"widget\" data-settings=\"{&quot;_animation&quot;:&quot;fadeInUp&quot;,&quot;_animation_delay&quot;:800}\" data-widget_type=\"button.default\">\n\t\t\t\t<div class=\"elementor-widget-container\">\n\t\t\t\t\t<div class=\"elementor-button-wrapper\">\n\t\t\t<a class=\"elementor-button elementor-button-link elementor-size-sm\" href=\"https:\/\/www.sl-p.ch\/en\/kontakt\/\">\n\t\t\t\t\t\t<span class=\"elementor-button-content-wrapper\">\n\t\t\t\t\t\t\t\t\t<span class=\"elementor-button-text\">Contact us<\/span>\n\t\t\t\t\t<\/span>\n\t\t\t\t\t<\/a>\n\t\t<\/div>\n\t\t\t\t<\/div>\n\t\t\t\t<\/div>\n\t\t\t\t\t<\/div>\n\t\t<\/div>\n\t\t\t\t\t<\/div>\n\t\t<\/section>\n\t\t\t\t<\/div>","protected":false},"excerpt":{"rendered":"<p>Beratung Wir analysieren die Details und setzen sie zusammen. Beratung Wir analysieren die Details und setzen sie zusammen. Beratung Wir analysieren die Details und setzen sie zusammen. Sicher ankommen Wir analysieren die Details und stellen diese transparent und komprimiert zusammen, damit Sie \u00fcber eine wirkliche Entscheidungsgrundlage verf\u00fcgen. Dank unserer umfassenden Erfahrung bieten wir sachkundige Unterst\u00fctzung [&hellip;]<\/p>","protected":false},"author":4,"featured_media":34230,"parent":0,"menu_order":4,"comment_status":"closed","ping_status":"closed","template":"elementor_header_footer","meta":{"footnotes":""},"class_list":["post-28918","page","type-page","status-publish","has-post-thumbnail","hentry"],"yoast_head":"<!-- This site is optimized with the Yoast SEO plugin v23.2 - https:\/\/yoast.com\/wordpress\/plugins\/seo\/ -->\n<title>Beratung - Lorenz + Partner AG<\/title>\n<meta name=\"description\" content=\"Wir analysieren die Details und setzen sie zusammen. Wir analysieren die Details und stellen diese transparent und komprimiert zusammen...\" \/>\n<meta name=\"robots\" content=\"index, follow, max-snippet:-1, max-image-preview:large, max-video-preview:-1\" \/>\n<link rel=\"canonical\" href=\"https:\/\/www.sl-p.ch\/en\/beratung\/\" \/>\n<meta property=\"og:locale\" content=\"en_US\" \/>\n<meta property=\"og:type\" content=\"article\" \/>\n<meta property=\"og:title\" content=\"Beratung - Lorenz + Partner AG\" \/>\n<meta property=\"og:description\" content=\"Wir analysieren die Details und setzen sie zusammen. Wir analysieren die Details und stellen diese transparent und komprimiert zusammen...\" \/>\n<meta property=\"og:url\" content=\"https:\/\/www.sl-p.ch\/en\/beratung\/\" \/>\n<meta property=\"og:site_name\" content=\"Lorenz + Partner AG\" \/>\n<meta property=\"article:modified_time\" content=\"2023-03-24T08:09:51+00:00\" \/>\n<meta property=\"og:image\" content=\"https:\/\/www.sl-p.ch\/wp-content\/uploads\/2021\/12\/lorenz.jpg\" \/>\n\t<meta property=\"og:image:width\" content=\"1024\" \/>\n\t<meta property=\"og:image:height\" content=\"1024\" \/>\n\t<meta property=\"og:image:type\" content=\"image\/jpeg\" \/>\n<meta name=\"twitter:card\" content=\"summary_large_image\" \/>\n<meta name=\"twitter:label1\" content=\"Est. reading time\" \/>\n\t<meta name=\"twitter:data1\" content=\"1 minute\" \/>\n<script type=\"application\/ld+json\" class=\"yoast-schema-graph\">{\"@context\":\"https:\/\/schema.org\",\"@graph\":[{\"@type\":\"WebPage\",\"@id\":\"https:\/\/www.sl-p.ch\/beratung\/\",\"url\":\"https:\/\/www.sl-p.ch\/beratung\/\",\"name\":\"Beratung - Lorenz + Partner AG\",\"isPartOf\":{\"@id\":\"https:\/\/www.sl-p.ch\/#website\"},\"primaryImageOfPage\":{\"@id\":\"https:\/\/www.sl-p.ch\/beratung\/#primaryimage\"},\"image\":{\"@id\":\"https:\/\/www.sl-p.ch\/beratung\/#primaryimage\"},\"thumbnailUrl\":\"https:\/\/www.sl-p.ch\/wp-content\/uploads\/2021\/12\/lorenz.jpg\",\"datePublished\":\"2020-12-22T15:36:22+00:00\",\"dateModified\":\"2023-03-24T08:09:51+00:00\",\"description\":\"Wir analysieren die Details und setzen sie zusammen. Wir analysieren die Details und stellen diese transparent und komprimiert zusammen...\",\"breadcrumb\":{\"@id\":\"https:\/\/www.sl-p.ch\/beratung\/#breadcrumb\"},\"inLanguage\":\"en-US\",\"potentialAction\":[{\"@type\":\"ReadAction\",\"target\":[\"https:\/\/www.sl-p.ch\/beratung\/\"]}]},{\"@type\":\"ImageObject\",\"inLanguage\":\"en-US\",\"@id\":\"https:\/\/www.sl-p.ch\/beratung\/#primaryimage\",\"url\":\"https:\/\/www.sl-p.ch\/wp-content\/uploads\/2021\/12\/lorenz.jpg\",\"contentUrl\":\"https:\/\/www.sl-p.ch\/wp-content\/uploads\/2021\/12\/lorenz.jpg\",\"width\":1024,\"height\":1024},{\"@type\":\"BreadcrumbList\",\"@id\":\"https:\/\/www.sl-p.ch\/beratung\/#breadcrumb\",\"itemListElement\":[{\"@type\":\"ListItem\",\"position\":1,\"name\":\"Home\",\"item\":\"https:\/\/www.sl-p.ch\/\"},{\"@type\":\"ListItem\",\"position\":2,\"name\":\"Beratung\"}]},{\"@type\":\"WebSite\",\"@id\":\"https:\/\/www.sl-p.ch\/#website\",\"url\":\"https:\/\/www.sl-p.ch\/\",\"name\":\"Lorenz + Partner AG\",\"description\":\"Home\",\"publisher\":{\"@id\":\"https:\/\/www.sl-p.ch\/#organization\"},\"inLanguage\":\"en-US\"},{\"@type\":\"Organization\",\"@id\":\"https:\/\/www.sl-p.ch\/#organization\",\"name\":\"Lorenz + Partner AG\",\"url\":\"https:\/\/www.sl-p.ch\/\",\"logo\":{\"@type\":\"ImageObject\",\"inLanguage\":\"en-US\",\"@id\":\"https:\/\/www.sl-p.ch\/#\/schema\/logo\/image\/\",\"url\":\"https:\/\/www.sl-p.ch\/wp-content\/uploads\/2020\/10\/Zeichenflaeche-1Lorenz-Partner-AG.png\",\"contentUrl\":\"https:\/\/www.sl-p.ch\/wp-content\/uploads\/2020\/10\/Zeichenflaeche-1Lorenz-Partner-AG.png\",\"width\":7037,\"height\":1584,\"caption\":\"Lorenz + Partner AG\"},\"image\":{\"@id\":\"https:\/\/www.sl-p.ch\/#\/schema\/logo\/image\/\"}}]}<\/script>\n<!-- \/ Yoast SEO plugin. -->","yoast_head_json":{"title":"Beratung - Lorenz + Partner AG","description":"Wir analysieren die Details und setzen sie zusammen. Wir analysieren die Details und stellen diese transparent und komprimiert zusammen...","robots":{"index":"index","follow":"follow","max-snippet":"max-snippet:-1","max-image-preview":"max-image-preview:large","max-video-preview":"max-video-preview:-1"},"canonical":"https:\/\/www.sl-p.ch\/en\/beratung\/","og_locale":"en_US","og_type":"article","og_title":"Beratung - Lorenz + Partner AG","og_description":"Wir analysieren die Details und setzen sie zusammen. Wir analysieren die Details und stellen diese transparent und komprimiert zusammen...","og_url":"https:\/\/www.sl-p.ch\/en\/beratung\/","og_site_name":"Lorenz + Partner AG","article_modified_time":"2023-03-24T08:09:51+00:00","og_image":[{"width":1024,"height":1024,"url":"https:\/\/www.sl-p.ch\/wp-content\/uploads\/2021\/12\/lorenz.jpg","type":"image\/jpeg"}],"twitter_card":"summary_large_image","twitter_misc":{"Est. reading time":"1 minute"},"schema":{"@context":"https:\/\/schema.org","@graph":[{"@type":"WebPage","@id":"https:\/\/www.sl-p.ch\/beratung\/","url":"https:\/\/www.sl-p.ch\/beratung\/","name":"Beratung - Lorenz + Partner AG","isPartOf":{"@id":"https:\/\/www.sl-p.ch\/#website"},"primaryImageOfPage":{"@id":"https:\/\/www.sl-p.ch\/beratung\/#primaryimage"},"image":{"@id":"https:\/\/www.sl-p.ch\/beratung\/#primaryimage"},"thumbnailUrl":"https:\/\/www.sl-p.ch\/wp-content\/uploads\/2021\/12\/lorenz.jpg","datePublished":"2020-12-22T15:36:22+00:00","dateModified":"2023-03-24T08:09:51+00:00","description":"Wir analysieren die Details und setzen sie zusammen. Wir analysieren die Details und stellen diese transparent und komprimiert zusammen...","breadcrumb":{"@id":"https:\/\/www.sl-p.ch\/beratung\/#breadcrumb"},"inLanguage":"en-US","potentialAction":[{"@type":"ReadAction","target":["https:\/\/www.sl-p.ch\/beratung\/"]}]},{"@type":"ImageObject","inLanguage":"en-US","@id":"https:\/\/www.sl-p.ch\/beratung\/#primaryimage","url":"https:\/\/www.sl-p.ch\/wp-content\/uploads\/2021\/12\/lorenz.jpg","contentUrl":"https:\/\/www.sl-p.ch\/wp-content\/uploads\/2021\/12\/lorenz.jpg","width":1024,"height":1024},{"@type":"BreadcrumbList","@id":"https:\/\/www.sl-p.ch\/beratung\/#breadcrumb","itemListElement":[{"@type":"ListItem","position":1,"name":"Home","item":"https:\/\/www.sl-p.ch\/"},{"@type":"ListItem","position":2,"name":"Beratung"}]},{"@type":"WebSite","@id":"https:\/\/www.sl-p.ch\/#website","url":"https:\/\/www.sl-p.ch\/","name":"Lorenz + Partner AG","description":"Home","publisher":{"@id":"https:\/\/www.sl-p.ch\/#organization"},"inLanguage":"en-US"},{"@type":"Organization","@id":"https:\/\/www.sl-p.ch\/#organization","name":"Lorenz + Partner AG","url":"https:\/\/www.sl-p.ch\/","logo":{"@type":"ImageObject","inLanguage":"en-US","@id":"https:\/\/www.sl-p.ch\/#\/schema\/logo\/image\/","url":"https:\/\/www.sl-p.ch\/wp-content\/uploads\/2020\/10\/Zeichenflaeche-1Lorenz-Partner-AG.png","contentUrl":"https:\/\/www.sl-p.ch\/wp-content\/uploads\/2020\/10\/Zeichenflaeche-1Lorenz-Partner-AG.png","width":7037,"height":1584,"caption":"Lorenz + Partner AG"},"image":{"@id":"https:\/\/www.sl-p.ch\/#\/schema\/logo\/image\/"}}]}},"_links":{"self":[{"href":"https:\/\/www.sl-p.ch\/en\/wp-json\/wp\/v2\/pages\/28918"}],"collection":[{"href":"https:\/\/www.sl-p.ch\/en\/wp-json\/wp\/v2\/pages"}],"about":[{"href":"https:\/\/www.sl-p.ch\/en\/wp-json\/wp\/v2\/types\/page"}],"author":[{"embeddable":true,"href":"https:\/\/www.sl-p.ch\/en\/wp-json\/wp\/v2\/users\/4"}],"replies":[{"embeddable":true,"href":"https:\/\/www.sl-p.ch\/en\/wp-json\/wp\/v2\/comments?post=28918"}],"version-history":[{"count":201,"href":"https:\/\/www.sl-p.ch\/en\/wp-json\/wp\/v2\/pages\/28918\/revisions"}],"predecessor-version":[{"id":34325,"href":"https:\/\/www.sl-p.ch\/en\/wp-json\/wp\/v2\/pages\/28918\/revisions\/34325"}],"wp:featuredmedia":[{"embeddable":true,"href":"https:\/\/www.sl-p.ch\/en\/wp-json\/wp\/v2\/media\/34230"}],"wp:attachment":[{"href":"https:\/\/www.sl-p.ch\/en\/wp-json\/wp\/v2\/media?parent=28918"}],"curies":[{"name":"wp","href":"https:\/\/api.w.org\/{rel}","templated":true}]}}