{"id":28916,"date":"2020-12-22T16:36:02","date_gmt":"2020-12-22T15:36:02","guid":{"rendered":"https:\/\/sl-p.brentex.ch\/?page_id=28916"},"modified":"2023-03-24T09:08:39","modified_gmt":"2023-03-24T08:08:39","slug":"konsolidierung","status":"publish","type":"page","link":"https:\/\/www.sl-p.ch\/en\/konsolidierung\/","title":{"rendered":"Consolidation"},"content":{"rendered":"<div data-elementor-type=\"wp-page\" data-elementor-id=\"28916\" class=\"elementor elementor-28916\" data-elementor-post-type=\"page\">\n\t\t\t\t\t\t<section class=\"elementor-section elementor-top-section elementor-element elementor-element-3805c464 elementor-section-height-min-height elementor-hidden-phone elementor-hidden-tablet elementor-section-boxed elementor-section-height-default elementor-section-items-middle\" data-id=\"3805c464\" data-element_type=\"section\" data-settings=\"{&quot;background_background&quot;:&quot;classic&quot;,&quot;_ha_eqh_enable&quot;:false}\">\n\t\t\t\t\t\t\t<div class=\"elementor-background-overlay\"><\/div>\n\t\t\t\t\t\t\t<div class=\"elementor-container elementor-column-gap-default\">\n\t\t\t\t\t<div class=\"elementor-column elementor-col-33 elementor-top-column elementor-element elementor-element-783e2ef8\" data-id=\"783e2ef8\" data-element_type=\"column\">\n\t\t\t<div class=\"elementor-widget-wrap elementor-element-populated\">\n\t\t\t\t\t\t<div class=\"elementor-element elementor-element-1dcbef19 animated-slow elementor-invisible elementor-widget elementor-widget-heading\" data-id=\"1dcbef19\" data-element_type=\"widget\" data-settings=\"{&quot;_animation&quot;:&quot;fadeInUp&quot;,&quot;_animation_delay&quot;:400}\" data-widget_type=\"heading.default\">\n\t\t\t\t<div class=\"elementor-widget-container\">\n\t\t\t<h1 class=\"elementor-heading-title elementor-size-default\">Consolidation<\/h1>\t\t<\/div>\n\t\t\t\t<\/div>\n\t\t\t\t<div class=\"elementor-element elementor-element-3b4e9dfa animated-slow elementor-invisible elementor-widget elementor-widget-text-editor\" data-id=\"3b4e9dfa\" data-element_type=\"widget\" data-settings=\"{&quot;_animation&quot;:&quot;fadeInUp&quot;,&quot;_animation_delay&quot;:600}\" data-widget_type=\"text-editor.default\">\n\t\t\t\t<div class=\"elementor-widget-container\">\n\t\t\t\t\t\t\tConsolidation \/ Group accounting is our core competence. \t\t\t\t\t\t<\/div>\n\t\t\t\t<\/div>\n\t\t\t\t\t<\/div>\n\t\t<\/div>\n\t\t\t\t<div class=\"elementor-column elementor-col-33 elementor-top-column elementor-element elementor-element-63b8c7be\" data-id=\"63b8c7be\" data-element_type=\"column\">\n\t\t\t<div class=\"elementor-widget-wrap\">\n\t\t\t\t\t\t\t<\/div>\n\t\t<\/div>\n\t\t\t\t<div class=\"elementor-column elementor-col-33 elementor-top-column elementor-element elementor-element-6783ff1f\" data-id=\"6783ff1f\" data-element_type=\"column\">\n\t\t\t<div class=\"elementor-widget-wrap\">\n\t\t\t\t\t\t\t<\/div>\n\t\t<\/div>\n\t\t\t\t\t<\/div>\n\t\t<\/section>\n\t\t\t\t<section class=\"elementor-section elementor-top-section elementor-element elementor-element-6997f2c elementor-section-height-min-height elementor-hidden-phone elementor-hidden-desktop elementor-section-boxed elementor-section-height-default elementor-section-items-middle\" data-id=\"6997f2c\" data-element_type=\"section\" data-settings=\"{&quot;background_background&quot;:&quot;classic&quot;,&quot;_ha_eqh_enable&quot;:false}\">\n\t\t\t\t\t\t\t<div class=\"elementor-background-overlay\"><\/div>\n\t\t\t\t\t\t\t<div class=\"elementor-container elementor-column-gap-default\">\n\t\t\t\t\t<div class=\"elementor-column elementor-col-33 elementor-top-column elementor-element elementor-element-3aad3cb\" data-id=\"3aad3cb\" data-element_type=\"column\">\n\t\t\t<div class=\"elementor-widget-wrap elementor-element-populated\">\n\t\t\t\t\t\t<div class=\"elementor-element elementor-element-5613b60 animated-slow elementor-invisible elementor-widget elementor-widget-heading\" data-id=\"5613b60\" data-element_type=\"widget\" data-settings=\"{&quot;_animation&quot;:&quot;fadeInUp&quot;,&quot;_animation_delay&quot;:400}\" data-widget_type=\"heading.default\">\n\t\t\t\t<div class=\"elementor-widget-container\">\n\t\t\t<h1 class=\"elementor-heading-title elementor-size-default\">Consolidation<\/h1>\t\t<\/div>\n\t\t\t\t<\/div>\n\t\t\t\t<div class=\"elementor-element elementor-element-f4d0853 animated-slow elementor-invisible elementor-widget elementor-widget-text-editor\" data-id=\"f4d0853\" data-element_type=\"widget\" data-settings=\"{&quot;_animation&quot;:&quot;fadeInUp&quot;,&quot;_animation_delay&quot;:600}\" data-widget_type=\"text-editor.default\">\n\t\t\t\t<div class=\"elementor-widget-container\">\n\t\t\t\t\t\t\tConsolidation \/ Group accounting is our core competence. \t\t\t\t\t\t<\/div>\n\t\t\t\t<\/div>\n\t\t\t\t\t<\/div>\n\t\t<\/div>\n\t\t\t\t<div class=\"elementor-column elementor-col-33 elementor-top-column elementor-element elementor-element-15a4836\" data-id=\"15a4836\" data-element_type=\"column\">\n\t\t\t<div class=\"elementor-widget-wrap\">\n\t\t\t\t\t\t\t<\/div>\n\t\t<\/div>\n\t\t\t\t<div class=\"elementor-column elementor-col-33 elementor-top-column elementor-element elementor-element-e833061\" data-id=\"e833061\" data-element_type=\"column\">\n\t\t\t<div class=\"elementor-widget-wrap\">\n\t\t\t\t\t\t\t<\/div>\n\t\t<\/div>\n\t\t\t\t\t<\/div>\n\t\t<\/section>\n\t\t\t\t<section class=\"elementor-section elementor-top-section elementor-element elementor-element-379f500 elementor-section-height-min-height elementor-hidden-desktop elementor-hidden-tablet elementor-section-boxed elementor-section-height-default elementor-section-items-middle\" data-id=\"379f500\" data-element_type=\"section\" data-settings=\"{&quot;background_background&quot;:&quot;classic&quot;,&quot;_ha_eqh_enable&quot;:false}\">\n\t\t\t\t\t\t\t<div class=\"elementor-background-overlay\"><\/div>\n\t\t\t\t\t\t\t<div class=\"elementor-container elementor-column-gap-default\">\n\t\t\t\t\t<div class=\"elementor-column elementor-col-33 elementor-top-column elementor-element elementor-element-d0b97b8\" data-id=\"d0b97b8\" data-element_type=\"column\">\n\t\t\t<div class=\"elementor-widget-wrap elementor-element-populated\">\n\t\t\t\t\t\t<div class=\"elementor-element elementor-element-359867a animated-slow elementor-invisible elementor-widget elementor-widget-heading\" data-id=\"359867a\" data-element_type=\"widget\" data-settings=\"{&quot;_animation&quot;:&quot;fadeInUp&quot;,&quot;_animation_delay&quot;:400}\" data-widget_type=\"heading.default\">\n\t\t\t\t<div class=\"elementor-widget-container\">\n\t\t\t<h1 class=\"elementor-heading-title elementor-size-default\">Consolidation<\/h1>\t\t<\/div>\n\t\t\t\t<\/div>\n\t\t\t\t<div class=\"elementor-element elementor-element-2cc7eb9 animated-slow elementor-invisible elementor-widget elementor-widget-text-editor\" data-id=\"2cc7eb9\" data-element_type=\"widget\" data-settings=\"{&quot;_animation&quot;:&quot;fadeInUp&quot;,&quot;_animation_delay&quot;:600}\" data-widget_type=\"text-editor.default\">\n\t\t\t\t<div class=\"elementor-widget-container\">\n\t\t\t\t\t\t\tConsolidation \/ Group accounting is our core competence. \t\t\t\t\t\t<\/div>\n\t\t\t\t<\/div>\n\t\t\t\t\t<\/div>\n\t\t<\/div>\n\t\t\t\t<div class=\"elementor-column elementor-col-33 elementor-top-column elementor-element elementor-element-f32123d\" data-id=\"f32123d\" data-element_type=\"column\">\n\t\t\t<div class=\"elementor-widget-wrap\">\n\t\t\t\t\t\t\t<\/div>\n\t\t<\/div>\n\t\t\t\t<div class=\"elementor-column elementor-col-33 elementor-top-column elementor-element elementor-element-032ac7b\" data-id=\"032ac7b\" data-element_type=\"column\">\n\t\t\t<div class=\"elementor-widget-wrap\">\n\t\t\t\t\t\t\t<\/div>\n\t\t<\/div>\n\t\t\t\t\t<\/div>\n\t\t<\/section>\n\t\t\t\t<section class=\"elementor-section elementor-top-section elementor-element elementor-element-b5f3439 elementor-section-boxed elementor-section-height-default elementor-section-height-default\" data-id=\"b5f3439\" data-element_type=\"section\" data-settings=\"{&quot;_ha_eqh_enable&quot;:false}\">\n\t\t\t\t\t\t<div class=\"elementor-container elementor-column-gap-default\">\n\t\t\t\t\t<div class=\"elementor-column elementor-col-50 elementor-top-column elementor-element elementor-element-7533da8\" data-id=\"7533da8\" data-element_type=\"column\">\n\t\t\t<div class=\"elementor-widget-wrap elementor-element-populated\">\n\t\t\t\t\t\t<div class=\"elementor-element elementor-element-f5a181b elementor-widget elementor-widget-heading\" data-id=\"f5a181b\" data-element_type=\"widget\" data-widget_type=\"heading.default\">\n\t\t\t\t<div class=\"elementor-widget-container\">\n\t\t\t<h2 class=\"elementor-heading-title elementor-size-default\">Overview guaranteed<\/h2>\t\t<\/div>\n\t\t\t\t<\/div>\n\t\t\t\t<div class=\"elementor-element elementor-element-b590fa3 elementor-widget elementor-widget-text-editor\" data-id=\"b590fa3\" data-element_type=\"widget\" data-widget_type=\"text-editor.default\">\n\t\t\t\t<div class=\"elementor-widget-container\">\n\t\t\t\t\t\t\t<p>Today's complex structures require an accurate consolidation. You should require a detailed equity reconciliation for each consolidation. It will give you evidence of the quality of the group accounts.<\/p>\n<p>Consolidation \/ Group accounting is our core competence. We have both, the education as well as many years of experience in consolidating international Groups.<\/p>\n<p>Our services in this area range from the sale of our own consolidation software WINREP\u00ae to the complete outsourcing of the whole consolidation process (including annual report).<\/p>\n<ul>\n<li>Sale WINREP\u00ae-Software including the corresponding training (for further information see <span style=\"color: #0060ab;\"><strong><a style=\"color: #0060ab;\" href=\"https:\/\/www.sl-p.ch\/en\/winrep\/\">WINREP<\/a><\/strong><strong>\u00ae<\/strong><\/span><span style=\"color: #000000;\">)<\/span><\/li>\n<li>Support in introduction of a consolidation \/ periodic reporting\n<ul>\n<li>Organisation (Accounting policies etc.)<\/li>\n<li>Set-up of the WINREP\u00ae-database (Schedule of accounts, companies, currencies etc.)<\/li>\n<li>Reporting-Package for the year-end \/ interim reporting, MIS etc.<\/li>\n<li>Consolidation (IFRS, SwissGAAP FER)<\/li>\n<li>Preparation of the annual report including notes (German or English)<\/li>\n<li>Documentation for the Group auditor<\/li>\n<\/ul>\n<\/li>\n<li>The consolidation process is outsourced and handled by Lorenz + Partner AG\n<ul>\n<li>With \/ without reporting<\/li>\n<li>Group auditors check on our premises or at the customer's<\/li>\n<li>Documentation for the Group auditor<\/li>\n<\/ul>\n<\/li>\n<\/ul>\t\t\t\t\t\t<\/div>\n\t\t\t\t<\/div>\n\t\t\t\t<div class=\"elementor-element elementor-element-5c4729b elementor-widget elementor-widget-text-editor\" data-id=\"5c4729b\" data-element_type=\"widget\" data-widget_type=\"text-editor.default\">\n\t\t\t\t<div class=\"elementor-widget-container\">\n\t\t\t\t\t\t\tOur flexibility is our strength! Our organisation is dynamic and at all time customised. Therefore the level of consulting \/ outsourcing may always vary. For example, we may set up a consolidation process as outsourcing partner. Maybe two years later the consolidation is taken in-house by the customer and vice versa. \t\t\t\t\t\t<\/div>\n\t\t\t\t<\/div>\n\t\t\t\t\t<\/div>\n\t\t<\/div>\n\t\t\t\t<div class=\"elementor-column elementor-col-50 elementor-top-column elementor-element elementor-element-5e8baaa\" data-id=\"5e8baaa\" data-element_type=\"column\" data-settings=\"{&quot;background_background&quot;:&quot;classic&quot;,&quot;background_motion_fx_motion_fx_scrolling&quot;:&quot;yes&quot;,&quot;background_motion_fx_translateX_effect&quot;:&quot;yes&quot;,&quot;background_motion_fx_translateX_speed&quot;:{&quot;unit&quot;:&quot;px&quot;,&quot;size&quot;:2,&quot;sizes&quot;:[]},&quot;background_motion_fx_translateX_affectedRange&quot;:{&quot;unit&quot;:&quot;%&quot;,&quot;size&quot;:&quot;&quot;,&quot;sizes&quot;:{&quot;start&quot;:0,&quot;end&quot;:100}},&quot;background_motion_fx_devices&quot;:[&quot;desktop&quot;,&quot;tablet&quot;,&quot;mobile&quot;]}\">\n\t\t\t<div class=\"elementor-widget-wrap elementor-element-populated\">\n\t\t\t\t\t\t<div class=\"elementor-element elementor-element-1553e03 elementor-widget elementor-widget-spacer\" data-id=\"1553e03\" data-element_type=\"widget\" data-widget_type=\"spacer.default\">\n\t\t\t\t<div class=\"elementor-widget-container\">\n\t\t\t\t\t<div class=\"elementor-spacer\">\n\t\t\t<div class=\"elementor-spacer-inner\"><\/div>\n\t\t<\/div>\n\t\t\t\t<\/div>\n\t\t\t\t<\/div>\n\t\t\t\t\t<\/div>\n\t\t<\/div>\n\t\t\t\t\t<\/div>\n\t\t<\/section>\n\t\t\t\t<section class=\"elementor-section elementor-top-section elementor-element elementor-element-bc53665 elementor-section-height-min-height elementor-section-items-stretch elementor-section-boxed elementor-section-height-default\" data-id=\"bc53665\" data-element_type=\"section\" data-settings=\"{&quot;_ha_eqh_enable&quot;:false}\">\n\t\t\t\t\t\t<div class=\"elementor-container elementor-column-gap-default\">\n\t\t\t\t\t<div class=\"elementor-column elementor-col-50 elementor-top-column elementor-element elementor-element-6656a90\" data-id=\"6656a90\" data-element_type=\"column\" data-settings=\"{&quot;background_background&quot;:&quot;classic&quot;}\">\n\t\t\t<div class=\"elementor-widget-wrap elementor-element-populated\">\n\t\t\t\t\t\t<div class=\"elementor-element elementor-element-a695dd7 animated-slow elementor-invisible elementor-widget elementor-widget-heading\" data-id=\"a695dd7\" data-element_type=\"widget\" data-settings=\"{&quot;_animation&quot;:&quot;fadeInUp&quot;,&quot;_animation_delay&quot;:200}\" data-widget_type=\"heading.default\">\n\t\t\t\t<div class=\"elementor-widget-container\">\n\t\t\t<h5 class=\"elementor-heading-title elementor-size-default\"> <\/h5>\t\t<\/div>\n\t\t\t\t<\/div>\n\t\t\t\t\t<\/div>\n\t\t<\/div>\n\t\t\t\t<div class=\"elementor-column elementor-col-50 elementor-top-column elementor-element elementor-element-763512b\" data-id=\"763512b\" data-element_type=\"column\" data-settings=\"{&quot;background_background&quot;:&quot;classic&quot;}\">\n\t\t\t<div class=\"elementor-widget-wrap elementor-element-populated\">\n\t\t\t\t\t\t<div class=\"elementor-element elementor-element-9541be7 animated-slow elementor-invisible elementor-widget elementor-widget-heading\" data-id=\"9541be7\" data-element_type=\"widget\" data-settings=\"{&quot;_animation&quot;:&quot;fadeInUp&quot;,&quot;_animation_delay&quot;:200}\" data-widget_type=\"heading.default\">\n\t\t\t\t<div class=\"elementor-widget-container\">\n\t\t\t<h5 class=\"elementor-heading-title elementor-size-default\">Do you need any more information?<\/h5>\t\t<\/div>\n\t\t\t\t<\/div>\n\t\t\t\t<div class=\"elementor-element elementor-element-fa4b65b animated-slow elementor-invisible elementor-widget elementor-widget-text-editor\" data-id=\"fa4b65b\" data-element_type=\"widget\" data-settings=\"{&quot;_animation&quot;:&quot;fadeInUp&quot;,&quot;_animation_delay&quot;:400}\" data-widget_type=\"text-editor.default\">\n\t\t\t\t<div class=\"elementor-widget-container\">\n\t\t\t\t\t\t\tDo you have any questions? We are happy to assist you. You are welcome to contact us by phone or email.\t\t\t\t\t\t<\/div>\n\t\t\t\t<\/div>\n\t\t\t\t<div class=\"elementor-element elementor-element-24ca09f elementor-align-left elementor-mobile-align-left animated-slow elementor-invisible elementor-widget elementor-widget-button\" data-id=\"24ca09f\" data-element_type=\"widget\" data-settings=\"{&quot;_animation&quot;:&quot;fadeInUp&quot;,&quot;_animation_delay&quot;:800}\" data-widget_type=\"button.default\">\n\t\t\t\t<div class=\"elementor-widget-container\">\n\t\t\t\t\t<div class=\"elementor-button-wrapper\">\n\t\t\t<a class=\"elementor-button elementor-button-link elementor-size-sm\" href=\"https:\/\/www.sl-p.ch\/en\/kontakt\/\">\n\t\t\t\t\t\t<span class=\"elementor-button-content-wrapper\">\n\t\t\t\t\t\t\t\t\t<span class=\"elementor-button-text\">Contact us<\/span>\n\t\t\t\t\t<\/span>\n\t\t\t\t\t<\/a>\n\t\t<\/div>\n\t\t\t\t<\/div>\n\t\t\t\t<\/div>\n\t\t\t\t\t<\/div>\n\t\t<\/div>\n\t\t\t\t\t<\/div>\n\t\t<\/section>\n\t\t\t\t<\/div>","protected":false},"excerpt":{"rendered":"<p>Konsolidierung Das Konzern-Rechnungswesen ist unsere Kernkompetenz. Konsolidierung Das Konzern-Rechnungswesen ist unsere Kernkompetenz. Konsolidierung Das Konzern-Rechnungswesen ist unsere Kernkompetenz. \u00dcberblick gew\u00e4hrleistet Die heutigen Verflechtungen rufen nach einer seri\u00f6s durchgef\u00fchrten Konsolidierung und einer transparenten Konzernrechnung, damit der \u00dcberblick trotz der komplexen Strukturen gew\u00e4hrleistet ist. Das Konzern-Rechnungswesen ist unsere Kernkompetenz. Wir verf\u00fcgen \u00fcber eine umfassende und langj\u00e4hrige Erfahrung [&hellip;]<\/p>","protected":false},"author":4,"featured_media":34230,"parent":0,"menu_order":3,"comment_status":"closed","ping_status":"closed","template":"elementor_header_footer","meta":{"footnotes":""},"class_list":["post-28916","page","type-page","status-publish","has-post-thumbnail","hentry"],"yoast_head":"<!-- This site is optimized with the Yoast SEO plugin v23.2 - https:\/\/yoast.com\/wordpress\/plugins\/seo\/ -->\n<title>Konsolidierung - Lorenz + Partner AG<\/title>\n<meta name=\"description\" content=\"Das Konzern-Rechnungswesen ist unsere Kernkompetenz. Die heutigen Verflechtungen rufen nach einer seri\u00f6s durchgef\u00fchrten Konsolidierung und...\" \/>\n<meta name=\"robots\" content=\"index, follow, max-snippet:-1, max-image-preview:large, max-video-preview:-1\" \/>\n<link rel=\"canonical\" href=\"https:\/\/www.sl-p.ch\/en\/konsolidierung\/\" \/>\n<meta property=\"og:locale\" content=\"en_US\" \/>\n<meta property=\"og:type\" content=\"article\" \/>\n<meta property=\"og:title\" content=\"Konsolidierung - Lorenz + Partner AG\" \/>\n<meta property=\"og:description\" content=\"Das Konzern-Rechnungswesen ist unsere Kernkompetenz. Die heutigen Verflechtungen rufen nach einer seri\u00f6s durchgef\u00fchrten Konsolidierung und...\" \/>\n<meta property=\"og:url\" content=\"https:\/\/www.sl-p.ch\/en\/konsolidierung\/\" \/>\n<meta property=\"og:site_name\" content=\"Lorenz + Partner AG\" \/>\n<meta property=\"article:modified_time\" content=\"2023-03-24T08:08:39+00:00\" \/>\n<meta property=\"og:image\" content=\"https:\/\/www.sl-p.ch\/wp-content\/uploads\/2021\/12\/lorenz.jpg\" \/>\n\t<meta property=\"og:image:width\" content=\"1024\" \/>\n\t<meta property=\"og:image:height\" content=\"1024\" \/>\n\t<meta property=\"og:image:type\" content=\"image\/jpeg\" \/>\n<meta name=\"twitter:card\" content=\"summary_large_image\" \/>\n<meta name=\"twitter:label1\" content=\"Est. reading time\" \/>\n\t<meta name=\"twitter:data1\" content=\"2 minutes\" \/>\n<script type=\"application\/ld+json\" class=\"yoast-schema-graph\">{\"@context\":\"https:\/\/schema.org\",\"@graph\":[{\"@type\":\"WebPage\",\"@id\":\"https:\/\/www.sl-p.ch\/konsolidierung\/\",\"url\":\"https:\/\/www.sl-p.ch\/konsolidierung\/\",\"name\":\"Konsolidierung - Lorenz + Partner AG\",\"isPartOf\":{\"@id\":\"https:\/\/www.sl-p.ch\/#website\"},\"primaryImageOfPage\":{\"@id\":\"https:\/\/www.sl-p.ch\/konsolidierung\/#primaryimage\"},\"image\":{\"@id\":\"https:\/\/www.sl-p.ch\/konsolidierung\/#primaryimage\"},\"thumbnailUrl\":\"https:\/\/www.sl-p.ch\/wp-content\/uploads\/2021\/12\/lorenz.jpg\",\"datePublished\":\"2020-12-22T15:36:02+00:00\",\"dateModified\":\"2023-03-24T08:08:39+00:00\",\"description\":\"Das Konzern-Rechnungswesen ist unsere Kernkompetenz. Die heutigen Verflechtungen rufen nach einer seri\u00f6s durchgef\u00fchrten Konsolidierung und...\",\"breadcrumb\":{\"@id\":\"https:\/\/www.sl-p.ch\/konsolidierung\/#breadcrumb\"},\"inLanguage\":\"en-US\",\"potentialAction\":[{\"@type\":\"ReadAction\",\"target\":[\"https:\/\/www.sl-p.ch\/konsolidierung\/\"]}]},{\"@type\":\"ImageObject\",\"inLanguage\":\"en-US\",\"@id\":\"https:\/\/www.sl-p.ch\/konsolidierung\/#primaryimage\",\"url\":\"https:\/\/www.sl-p.ch\/wp-content\/uploads\/2021\/12\/lorenz.jpg\",\"contentUrl\":\"https:\/\/www.sl-p.ch\/wp-content\/uploads\/2021\/12\/lorenz.jpg\",\"width\":1024,\"height\":1024},{\"@type\":\"BreadcrumbList\",\"@id\":\"https:\/\/www.sl-p.ch\/konsolidierung\/#breadcrumb\",\"itemListElement\":[{\"@type\":\"ListItem\",\"position\":1,\"name\":\"Home\",\"item\":\"https:\/\/www.sl-p.ch\/\"},{\"@type\":\"ListItem\",\"position\":2,\"name\":\"Konsolidierung\"}]},{\"@type\":\"WebSite\",\"@id\":\"https:\/\/www.sl-p.ch\/#website\",\"url\":\"https:\/\/www.sl-p.ch\/\",\"name\":\"Lorenz + Partner AG\",\"description\":\"Home\",\"publisher\":{\"@id\":\"https:\/\/www.sl-p.ch\/#organization\"},\"inLanguage\":\"en-US\"},{\"@type\":\"Organization\",\"@id\":\"https:\/\/www.sl-p.ch\/#organization\",\"name\":\"Lorenz + Partner AG\",\"url\":\"https:\/\/www.sl-p.ch\/\",\"logo\":{\"@type\":\"ImageObject\",\"inLanguage\":\"en-US\",\"@id\":\"https:\/\/www.sl-p.ch\/#\/schema\/logo\/image\/\",\"url\":\"https:\/\/www.sl-p.ch\/wp-content\/uploads\/2020\/10\/Zeichenflaeche-1Lorenz-Partner-AG.png\",\"contentUrl\":\"https:\/\/www.sl-p.ch\/wp-content\/uploads\/2020\/10\/Zeichenflaeche-1Lorenz-Partner-AG.png\",\"width\":7037,\"height\":1584,\"caption\":\"Lorenz + Partner AG\"},\"image\":{\"@id\":\"https:\/\/www.sl-p.ch\/#\/schema\/logo\/image\/\"}}]}<\/script>\n<!-- \/ Yoast SEO plugin. -->","yoast_head_json":{"title":"Konsolidierung - Lorenz + Partner AG","description":"Das Konzern-Rechnungswesen ist unsere Kernkompetenz. Die heutigen Verflechtungen rufen nach einer seri\u00f6s durchgef\u00fchrten Konsolidierung und...","robots":{"index":"index","follow":"follow","max-snippet":"max-snippet:-1","max-image-preview":"max-image-preview:large","max-video-preview":"max-video-preview:-1"},"canonical":"https:\/\/www.sl-p.ch\/en\/konsolidierung\/","og_locale":"en_US","og_type":"article","og_title":"Konsolidierung - Lorenz + Partner AG","og_description":"Das Konzern-Rechnungswesen ist unsere Kernkompetenz. Die heutigen Verflechtungen rufen nach einer seri\u00f6s durchgef\u00fchrten Konsolidierung und...","og_url":"https:\/\/www.sl-p.ch\/en\/konsolidierung\/","og_site_name":"Lorenz + Partner AG","article_modified_time":"2023-03-24T08:08:39+00:00","og_image":[{"width":1024,"height":1024,"url":"https:\/\/www.sl-p.ch\/wp-content\/uploads\/2021\/12\/lorenz.jpg","type":"image\/jpeg"}],"twitter_card":"summary_large_image","twitter_misc":{"Est. reading time":"2 minutes"},"schema":{"@context":"https:\/\/schema.org","@graph":[{"@type":"WebPage","@id":"https:\/\/www.sl-p.ch\/konsolidierung\/","url":"https:\/\/www.sl-p.ch\/konsolidierung\/","name":"Konsolidierung - Lorenz + Partner AG","isPartOf":{"@id":"https:\/\/www.sl-p.ch\/#website"},"primaryImageOfPage":{"@id":"https:\/\/www.sl-p.ch\/konsolidierung\/#primaryimage"},"image":{"@id":"https:\/\/www.sl-p.ch\/konsolidierung\/#primaryimage"},"thumbnailUrl":"https:\/\/www.sl-p.ch\/wp-content\/uploads\/2021\/12\/lorenz.jpg","datePublished":"2020-12-22T15:36:02+00:00","dateModified":"2023-03-24T08:08:39+00:00","description":"Das Konzern-Rechnungswesen ist unsere Kernkompetenz. Die heutigen Verflechtungen rufen nach einer seri\u00f6s durchgef\u00fchrten Konsolidierung und...","breadcrumb":{"@id":"https:\/\/www.sl-p.ch\/konsolidierung\/#breadcrumb"},"inLanguage":"en-US","potentialAction":[{"@type":"ReadAction","target":["https:\/\/www.sl-p.ch\/konsolidierung\/"]}]},{"@type":"ImageObject","inLanguage":"en-US","@id":"https:\/\/www.sl-p.ch\/konsolidierung\/#primaryimage","url":"https:\/\/www.sl-p.ch\/wp-content\/uploads\/2021\/12\/lorenz.jpg","contentUrl":"https:\/\/www.sl-p.ch\/wp-content\/uploads\/2021\/12\/lorenz.jpg","width":1024,"height":1024},{"@type":"BreadcrumbList","@id":"https:\/\/www.sl-p.ch\/konsolidierung\/#breadcrumb","itemListElement":[{"@type":"ListItem","position":1,"name":"Home","item":"https:\/\/www.sl-p.ch\/"},{"@type":"ListItem","position":2,"name":"Konsolidierung"}]},{"@type":"WebSite","@id":"https:\/\/www.sl-p.ch\/#website","url":"https:\/\/www.sl-p.ch\/","name":"Lorenz + Partner AG","description":"Home","publisher":{"@id":"https:\/\/www.sl-p.ch\/#organization"},"inLanguage":"en-US"},{"@type":"Organization","@id":"https:\/\/www.sl-p.ch\/#organization","name":"Lorenz + Partner AG","url":"https:\/\/www.sl-p.ch\/","logo":{"@type":"ImageObject","inLanguage":"en-US","@id":"https:\/\/www.sl-p.ch\/#\/schema\/logo\/image\/","url":"https:\/\/www.sl-p.ch\/wp-content\/uploads\/2020\/10\/Zeichenflaeche-1Lorenz-Partner-AG.png","contentUrl":"https:\/\/www.sl-p.ch\/wp-content\/uploads\/2020\/10\/Zeichenflaeche-1Lorenz-Partner-AG.png","width":7037,"height":1584,"caption":"Lorenz + Partner AG"},"image":{"@id":"https:\/\/www.sl-p.ch\/#\/schema\/logo\/image\/"}}]}},"_links":{"self":[{"href":"https:\/\/www.sl-p.ch\/en\/wp-json\/wp\/v2\/pages\/28916"}],"collection":[{"href":"https:\/\/www.sl-p.ch\/en\/wp-json\/wp\/v2\/pages"}],"about":[{"href":"https:\/\/www.sl-p.ch\/en\/wp-json\/wp\/v2\/types\/page"}],"author":[{"embeddable":true,"href":"https:\/\/www.sl-p.ch\/en\/wp-json\/wp\/v2\/users\/4"}],"replies":[{"embeddable":true,"href":"https:\/\/www.sl-p.ch\/en\/wp-json\/wp\/v2\/comments?post=28916"}],"version-history":[{"count":324,"href":"https:\/\/www.sl-p.ch\/en\/wp-json\/wp\/v2\/pages\/28916\/revisions"}],"predecessor-version":[{"id":34324,"href":"https:\/\/www.sl-p.ch\/en\/wp-json\/wp\/v2\/pages\/28916\/revisions\/34324"}],"wp:featuredmedia":[{"embeddable":true,"href":"https:\/\/www.sl-p.ch\/en\/wp-json\/wp\/v2\/media\/34230"}],"wp:attachment":[{"href":"https:\/\/www.sl-p.ch\/en\/wp-json\/wp\/v2\/media?parent=28916"}],"curies":[{"name":"wp","href":"https:\/\/api.w.org\/{rel}","templated":true}]}}